{"id":990,"date":"2021-04-11T19:16:43","date_gmt":"2021-04-11T19:16:43","guid":{"rendered":"https:\/\/www.toporigor.pt\/?page_id=990"},"modified":"2022-01-13T02:12:33","modified_gmt":"2022-01-13T02:12:33","slug":"mapa-do-site","status":"publish","type":"page","link":"https:\/\/www.toporigor.pt\/en\/mapa-do-site\/","title":{"rendered":"Site map"},"content":{"rendered":"<ul class=\"wp-block-list\"><li><strong><a href=\"https:\/\/www.toporigor.pt\/en\/\">Home<\/a><\/strong><\/li><li><strong><a href=\"https:\/\/www.toporigor.pt\/en\/quem-somos-2\/\">About us<\/a><\/strong><\/li><li><strong><a href=\"https:\/\/www.toporigor.pt\/en\/servicos\/\">Services<\/a><\/strong><\/li><li><strong><a href=\"https:\/\/www.toporigor.pt\/en\/clientes\/\">Clients<\/a><\/strong><\/li><li><strong><a href=\"https:\/\/www.toporigor.pt\/en\/portfolios\/\">Portfolio<\/a><\/strong><ul><li><a href=\"https:\/\/www.toporigor.pt\/en\/levantamento-arquitectonico-de-edificios-ou-monumentos\/\">3D Laser Scanning Redes Energ\u00e9ticas Nacionais (REN)<\/a><\/li><li><a href=\"https:\/\/www.toporigor.pt\/en\/levantamento-arquitectonico-de-edificios-ou-monumentos-2\/\">3D Laser Scanning Architectural Survey of Buildings or Monuments<\/a><\/li><li><a href=\"https:\/\/www.toporigor.pt\/en\/modelacao-3d-bim\/\">3D Modeling \/ BIM (building information modeling)<\/a><\/li><li><a href=\"https:\/\/www.toporigor.pt\/en\/industria-naval\/\">3D Laser Scanning Shipping Industry<\/a><\/li><li><a href=\"https:\/\/www.toporigor.pt\/en\/obras-de-engenharia\/\">Engineering Works<\/a><\/li><li><a href=\"https:\/\/www.toporigor.pt\/en\/drone-uav-ortofotomapas\/\">Drone\/UAV \u2013 LIDAR &amp; Image<\/a><\/li><li><a href=\"https:\/\/www.toporigor.pt\/en\/registo-e-restauro-de-azulejaria\/\">Tiles Registration<\/a><\/li><\/ul><\/li><li><a href=\"https:\/\/www.toporigor.pt\/en\/noticias\/\"><strong>News<\/strong><\/a><ul><li><a href=\"https:\/\/www.toporigor.pt\/en\/2o-forum-geoespacial\/\">2\u00ba GEOspacial Forum<\/a><\/li><\/ul><ul><li><a href=\"https:\/\/www.toporigor.pt\/en\/leica\/\">Leica<\/a><\/li><\/ul><ul><li><a href=\"https:\/\/www.toporigor.pt\/en\/agroglobal\/\">AgroGlobal<\/a><\/li><\/ul><ul><li><a href=\"https:\/\/www.toporigor.pt\/en\/precisamente\/\">\u201cPrecisamente\u201d<\/a><\/li><\/ul><\/li><li><a href=\"https:\/\/www.toporigor.pt\/en\/contacto\/\"><strong>Contact<\/strong><\/a><\/li><li><a href=\"https:\/\/www.toporigor.pt\/en\/faq\/\"><strong>FAQ<\/strong><\/a><\/li><\/ul>\n\n\n\n<ul class=\"wp-block-list\"><li><strong><a href=\"https:\/\/www.toporigor.pt\/en\/politica-de-privacidade\/\">Privacy Policy<\/a><\/strong><\/li><li><strong><a href=\"https:\/\/www.toporigor.pt\/en\/mapa-do-site\/\">Site map<\/a><\/strong><\/li><\/ul>\n\n\n\n<div style=\"height:100px\" aria-hidden=\"true\" class=\"wp-block-spacer\"><\/div>\n\n\n\n<p><\/p>","protected":false},"excerpt":{"rendered":"<div class=\"entry-summary\">\n<div class=\"entry-summary\">\nIn\u00edcio Quem Somos Servi\u00e7os Clientes Portef\u00f3lio Laser Scanning 3D Redes Energ\u00e9ticas Nacionais (REN) Laser Scanning 3D Levantamento Arquitect\u00f3nico de Edif\u00edcios ou Monumentos Modela\u00e7\u00e3o 3D \/ BIM (building information modeling) Laser Scanning 3D Ind\u00fastria Naval Obras de Engenharia Drone\/UAV &#8211; LIDAR&hellip;\n<\/div>\n<div class=\"link-more\"><a href=\"https:\/\/www.toporigor.pt\/en\/mapa-do-site\/\" class=\"more-link\">Continue reading<span class=\"screen-reader-text\"> &ldquo;Mapa do Site&rdquo;<\/span>&hellip;<\/a><\/div>\n<\/div>\n<div class=\"link-more\"><a href=\"https:\/\/www.toporigor.pt\/en\/mapa-do-site\/\" class=\"more-link\">Continue reading<span class=\"screen-reader-text\"> &ldquo;Mapa do Site&rdquo;<\/span>&hellip;<\/a><\/div>","protected":false},"author":1,"featured_media":0,"parent":0,"menu_order":0,"comment_status":"closed","ping_status":"closed","template":"","meta":{"_acf_changed":false,"_uag_custom_page_level_css":"","footnotes":""},"class_list":["post-990","page","type-page","status-publish","hentry","entry"],"acf":[],"yoast_head":"<!-- This site is optimized with the Yoast SEO plugin v27.6 - https:\/\/yoast.com\/product\/yoast-seo-wordpress\/ -->\n<title>Mapa do Site &#8211; Toporigor 3D Geoci\u00eancias<\/title>\n<meta name=\"robots\" content=\"index, follow, max-snippet:-1, max-image-preview:large, max-video-preview:-1\" \/>\n<link rel=\"canonical\" href=\"https:\/\/www.toporigor.pt\/en\/mapa-do-site\/\" \/>\n<meta property=\"og:locale\" content=\"en_GB\" \/>\n<meta property=\"og:type\" content=\"article\" \/>\n<meta property=\"og:title\" content=\"Mapa do Site &#8211; Toporigor 3D Geoci\u00eancias\" \/>\n<meta property=\"og:description\" content=\"In\u00edcio Quem Somos Servi\u00e7os Clientes Portef\u00f3lio Laser Scanning 3D Redes Energ\u00e9ticas Nacionais (REN) Laser Scanning 3D Levantamento Arquitect\u00f3nico de Edif\u00edcios ou Monumentos Modela\u00e7\u00e3o 3D \/ BIM (building information modeling) Laser Scanning 3D Ind\u00fastria Naval Obras de Engenharia Drone\/UAV &#8211; LIDAR&hellip; Continue reading &ldquo;Mapa do Site&rdquo;&hellip;\" \/>\n<meta property=\"og:url\" content=\"https:\/\/www.toporigor.pt\/en\/mapa-do-site\/\" \/>\n<meta property=\"og:site_name\" content=\"Toporigor 3D Geoci\u00eancias\" \/>\n<meta property=\"article:publisher\" content=\"https:\/\/www.facebook.com\/laserscanning3D\" \/>\n<meta property=\"article:modified_time\" content=\"2022-01-13T02:12:33+00:00\" \/>\n<meta name=\"twitter:card\" content=\"summary_large_image\" \/>\n<meta name=\"twitter:label1\" content=\"Estimated reading time\" \/>\n\t<meta name=\"twitter:data1\" content=\"1 minute\" \/>\n<script type=\"application\/ld+json\" class=\"yoast-schema-graph\">{\"@context\":\"https:\\\/\\\/schema.org\",\"@graph\":[{\"@type\":\"WebPage\",\"@id\":\"https:\\\/\\\/www.toporigor.pt\\\/en\\\/mapa-do-site\\\/\",\"url\":\"https:\\\/\\\/www.toporigor.pt\\\/en\\\/mapa-do-site\\\/\",\"name\":\"Mapa do Site &#8211; Toporigor 3D Geoci\u00eancias\",\"isPartOf\":{\"@id\":\"https:\\\/\\\/www.toporigor.pt\\\/#website\"},\"datePublished\":\"2021-04-11T19:16:43+00:00\",\"dateModified\":\"2022-01-13T02:12:33+00:00\",\"breadcrumb\":{\"@id\":\"https:\\\/\\\/www.toporigor.pt\\\/en\\\/mapa-do-site\\\/#breadcrumb\"},\"inLanguage\":\"en-GB\",\"potentialAction\":[{\"@type\":\"ReadAction\",\"target\":[\"https:\\\/\\\/www.toporigor.pt\\\/en\\\/mapa-do-site\\\/\"]}]},{\"@type\":\"BreadcrumbList\",\"@id\":\"https:\\\/\\\/www.toporigor.pt\\\/en\\\/mapa-do-site\\\/#breadcrumb\",\"itemListElement\":[{\"@type\":\"ListItem\",\"position\":1,\"name\":\"In\u00edcio\",\"item\":\"https:\\\/\\\/www.toporigor.pt\\\/\"},{\"@type\":\"ListItem\",\"position\":2,\"name\":\"Mapa do Site\"}]},{\"@type\":\"WebSite\",\"@id\":\"https:\\\/\\\/www.toporigor.pt\\\/#website\",\"url\":\"https:\\\/\\\/www.toporigor.pt\\\/\",\"name\":\"Toporigor 3D Geoci\u00eancias\",\"description\":\"Laser Scanning 3D, Geoci\u00eancias, Topografia, Engenharia, Projeto\",\"publisher\":{\"@id\":\"https:\\\/\\\/www.toporigor.pt\\\/#organization\"},\"potentialAction\":[{\"@type\":\"SearchAction\",\"target\":{\"@type\":\"EntryPoint\",\"urlTemplate\":\"https:\\\/\\\/www.toporigor.pt\\\/?s={search_term_string}\"},\"query-input\":{\"@type\":\"PropertyValueSpecification\",\"valueRequired\":true,\"valueName\":\"search_term_string\"}}],\"inLanguage\":\"en-GB\"},{\"@type\":\"Organization\",\"@id\":\"https:\\\/\\\/www.toporigor.pt\\\/#organization\",\"name\":\"TopoRigor 3D Geoci\u00eancias\",\"url\":\"https:\\\/\\\/www.toporigor.pt\\\/\",\"logo\":{\"@type\":\"ImageObject\",\"inLanguage\":\"en-GB\",\"@id\":\"https:\\\/\\\/www.toporigor.pt\\\/#\\\/schema\\\/logo\\\/image\\\/\",\"url\":\"https:\\\/\\\/i0.wp.com\\\/www.toporigor.pt\\\/wp-content\\\/uploads\\\/2021\\\/03\\\/logo-Toporigor2-02.png?fit=398%2C122&ssl=1\",\"contentUrl\":\"https:\\\/\\\/i0.wp.com\\\/www.toporigor.pt\\\/wp-content\\\/uploads\\\/2021\\\/03\\\/logo-Toporigor2-02.png?fit=398%2C122&ssl=1\",\"width\":398,\"height\":122,\"caption\":\"TopoRigor 3D Geoci\u00eancias\"},\"image\":{\"@id\":\"https:\\\/\\\/www.toporigor.pt\\\/#\\\/schema\\\/logo\\\/image\\\/\"},\"sameAs\":[\"https:\\\/\\\/www.facebook.com\\\/laserscanning3D\",\"https:\\\/\\\/www.linkedin.com\\\/in\\\/toporigor-paulopereira\\\/\"]}]}<\/script>\n<!-- \/ Yoast SEO plugin. -->","yoast_head_json":{"title":"Mapa do Site &#8211; Toporigor 3D Geoci\u00eancias","robots":{"index":"index","follow":"follow","max-snippet":"max-snippet:-1","max-image-preview":"max-image-preview:large","max-video-preview":"max-video-preview:-1"},"canonical":"https:\/\/www.toporigor.pt\/en\/mapa-do-site\/","og_locale":"en_GB","og_type":"article","og_title":"Mapa do Site &#8211; Toporigor 3D Geoci\u00eancias","og_description":"In\u00edcio Quem Somos Servi\u00e7os Clientes Portef\u00f3lio Laser Scanning 3D Redes Energ\u00e9ticas Nacionais (REN) Laser Scanning 3D Levantamento Arquitect\u00f3nico de Edif\u00edcios ou Monumentos Modela\u00e7\u00e3o 3D \/ BIM (building information modeling) Laser Scanning 3D Ind\u00fastria Naval Obras de Engenharia Drone\/UAV &#8211; LIDAR&hellip; Continue reading &ldquo;Mapa do Site&rdquo;&hellip;","og_url":"https:\/\/www.toporigor.pt\/en\/mapa-do-site\/","og_site_name":"Toporigor 3D Geoci\u00eancias","article_publisher":"https:\/\/www.facebook.com\/laserscanning3D","article_modified_time":"2022-01-13T02:12:33+00:00","twitter_card":"summary_large_image","twitter_misc":{"Estimated reading time":"1 minute"},"schema":{"@context":"https:\/\/schema.org","@graph":[{"@type":"WebPage","@id":"https:\/\/www.toporigor.pt\/en\/mapa-do-site\/","url":"https:\/\/www.toporigor.pt\/en\/mapa-do-site\/","name":"Mapa do Site &#8211; Toporigor 3D Geoci\u00eancias","isPartOf":{"@id":"https:\/\/www.toporigor.pt\/#website"},"datePublished":"2021-04-11T19:16:43+00:00","dateModified":"2022-01-13T02:12:33+00:00","breadcrumb":{"@id":"https:\/\/www.toporigor.pt\/en\/mapa-do-site\/#breadcrumb"},"inLanguage":"en-GB","potentialAction":[{"@type":"ReadAction","target":["https:\/\/www.toporigor.pt\/en\/mapa-do-site\/"]}]},{"@type":"BreadcrumbList","@id":"https:\/\/www.toporigor.pt\/en\/mapa-do-site\/#breadcrumb","itemListElement":[{"@type":"ListItem","position":1,"name":"In\u00edcio","item":"https:\/\/www.toporigor.pt\/"},{"@type":"ListItem","position":2,"name":"Mapa do Site"}]},{"@type":"WebSite","@id":"https:\/\/www.toporigor.pt\/#website","url":"https:\/\/www.toporigor.pt\/","name":"Toporigor 3D Geoci\u00eancias","description":"Laser Scanning 3D, Geoci\u00eancias, Topografia, Engenharia, Projeto","publisher":{"@id":"https:\/\/www.toporigor.pt\/#organization"},"potentialAction":[{"@type":"SearchAction","target":{"@type":"EntryPoint","urlTemplate":"https:\/\/www.toporigor.pt\/?s={search_term_string}"},"query-input":{"@type":"PropertyValueSpecification","valueRequired":true,"valueName":"search_term_string"}}],"inLanguage":"en-GB"},{"@type":"Organization","@id":"https:\/\/www.toporigor.pt\/#organization","name":"TopoRigor 3D Geoci\u00eancias","url":"https:\/\/www.toporigor.pt\/","logo":{"@type":"ImageObject","inLanguage":"en-GB","@id":"https:\/\/www.toporigor.pt\/#\/schema\/logo\/image\/","url":"https:\/\/i0.wp.com\/www.toporigor.pt\/wp-content\/uploads\/2021\/03\/logo-Toporigor2-02.png?fit=398%2C122&ssl=1","contentUrl":"https:\/\/i0.wp.com\/www.toporigor.pt\/wp-content\/uploads\/2021\/03\/logo-Toporigor2-02.png?fit=398%2C122&ssl=1","width":398,"height":122,"caption":"TopoRigor 3D Geoci\u00eancias"},"image":{"@id":"https:\/\/www.toporigor.pt\/#\/schema\/logo\/image\/"},"sameAs":["https:\/\/www.facebook.com\/laserscanning3D","https:\/\/www.linkedin.com\/in\/toporigor-paulopereira\/"]}]}},"uagb_featured_image_src":{"full":false,"thumbnail":false,"medium":false,"medium_large":false,"large":false,"1536x1536":false,"2048x2048":false,"trp-custom-language-flag":false,"reykjavik-intro":false},"uagb_author_info":{"display_name":"invisiblepgt","author_link":"https:\/\/www.toporigor.pt\/en\/author\/invisiblepgt\/"},"uagb_comment_info":0,"uagb_excerpt":"In\u00edcio Quem Somos Servi\u00e7os Clientes Portef\u00f3lio Laser Scanning 3D Redes Energ\u00e9ticas Nacionais (REN) Laser Scanning 3D Levantamento Arquitect\u00f3nico de Edif\u00edcios ou Monumentos Modela\u00e7\u00e3o 3D \/ BIM (building information modeling) Laser Scanning 3D Ind\u00fastria Naval Obras de Engenharia Drone\/UAV &#8211; LIDAR&hellip; Continue reading &ldquo;Mapa do Site&rdquo;&hellip;","_links":{"self":[{"href":"https:\/\/www.toporigor.pt\/en\/wp-json\/wp\/v2\/pages\/990","targetHints":{"allow":["GET"]}}],"collection":[{"href":"https:\/\/www.toporigor.pt\/en\/wp-json\/wp\/v2\/pages"}],"about":[{"href":"https:\/\/www.toporigor.pt\/en\/wp-json\/wp\/v2\/types\/page"}],"author":[{"embeddable":true,"href":"https:\/\/www.toporigor.pt\/en\/wp-json\/wp\/v2\/users\/1"}],"replies":[{"embeddable":true,"href":"https:\/\/www.toporigor.pt\/en\/wp-json\/wp\/v2\/comments?post=990"}],"version-history":[{"count":16,"href":"https:\/\/www.toporigor.pt\/en\/wp-json\/wp\/v2\/pages\/990\/revisions"}],"predecessor-version":[{"id":1681,"href":"https:\/\/www.toporigor.pt\/en\/wp-json\/wp\/v2\/pages\/990\/revisions\/1681"}],"wp:attachment":[{"href":"https:\/\/www.toporigor.pt\/en\/wp-json\/wp\/v2\/media?parent=990"}],"curies":[{"name":"wp","href":"https:\/\/api.w.org\/{rel}","templated":true}]}}