{"id":42,"date":"2021-02-12T10:35:10","date_gmt":"2021-02-12T10:35:10","guid":{"rendered":"https:\/\/www.toporigor.pt\/?page_id=42"},"modified":"2025-01-22T01:15:02","modified_gmt":"2025-01-22T01:15:02","slug":"servicos-de-topografia","status":"publish","type":"page","link":"https:\/\/www.toporigor.pt\/en\/servicos-de-topografia\/","title":{"rendered":"Services"},"content":{"rendered":"<figure class=\"wp-block-image alignfull size-large\"><img loading=\"lazy\" decoding=\"async\" width=\"1024\" height=\"144\" src=\"https:\/\/www.toporigor.pt\/wp-content\/uploads\/2021\/04\/quem_somos-1-1024x144.jpg\" alt=\"\" class=\"wp-image-324\" title=\"Services\" srcset=\"https:\/\/www.toporigor.pt\/wp-content\/uploads\/2021\/04\/quem_somos-1-1024x144.jpg 1024w, https:\/\/www.toporigor.pt\/wp-content\/uploads\/2021\/04\/quem_somos-1-300x42.jpg 300w, https:\/\/www.toporigor.pt\/wp-content\/uploads\/2021\/04\/quem_somos-1-768x108.jpg 768w, https:\/\/www.toporigor.pt\/wp-content\/uploads\/2021\/04\/quem_somos-1-1536x216.jpg 1536w, https:\/\/www.toporigor.pt\/wp-content\/uploads\/2021\/04\/quem_somos-1-16x2.jpg 16w, https:\/\/www.toporigor.pt\/wp-content\/uploads\/2021\/04\/quem_somos-1.jpg 1920w\" sizes=\"auto, (max-width: 1024px) 100vw, 1024px\" \/><\/figure>\n\n\n\n<div style=\"height:70px\" aria-hidden=\"true\" class=\"wp-block-spacer\"><\/div>\n\n\n\n<h2 class=\"wp-block-heading has-text-align-center\">Our<br>Services&nbsp;<\/h2>\n\n\n\n<p><\/p>\n\n\n\n<figure class=\"wp-block-table is-style-regular\"><table><tbody><tr><td class=\"has-text-align-center\" data-align=\"center\">3D Laser Scanning &amp; Reverse Engineering<br><\/td><\/tr><tr><td class=\"has-text-align-center\" data-align=\"center\">UAV\/Drones &amp; Aerial Photogrametry<br><\/td><\/tr><tr><td class=\"has-text-align-center\" data-align=\"center\">Topographical &amp; Architectural Survey<br><\/td><\/tr><tr><td class=\"has-text-align-center\" data-align=\"center\">3D Modeling &amp; BIM<br><\/td><\/tr><tr><td class=\"has-text-align-center\" data-align=\"center\">Cadastre of Aerial &amp; Buried Infrastructures<br><\/td><\/tr><tr><td class=\"has-text-align-center\" data-align=\"center\">Video Inspection of Conduct<br><\/td><\/tr><tr><td class=\"has-text-align-center\" data-align=\"center\">Monitoring &amp; Construction Supervision<br><\/td><\/tr><tr><td class=\"has-text-align-center\" data-align=\"center\">Instrumentation &amp; Monitoring<br><\/td><\/tr><tr><td class=\"has-text-align-center\" data-align=\"center\">Digital Aerial Cartography &amp; DGT Homologation<br><\/td><\/tr><tr><td class=\"has-text-align-center\" data-align=\"center\">Property Registration &amp; Land Reparcelling<br><\/td><\/tr><tr><td class=\"has-text-align-center\" data-align=\"center\">Engineering &amp; Architecture Project<br><\/td><\/tr><tr><td class=\"has-text-align-center\" data-align=\"center\">Metrology &amp; Dimensional Control<br><\/td><\/tr><tr><td class=\"has-text-align-center\" data-align=\"center\">Watersheds Calculation<br><\/td><\/tr><tr><td class=\"has-text-align-center\" data-align=\"center\">Consulting &amp; Training<br><\/td><\/tr><tr><td class=\"has-text-align-center\" data-align=\"center\">Agricultural &amp; Forest Adaptation Project<br><\/td><\/tr><tr><td class=\"has-text-align-center\" data-align=\"center\">G.I.S. - Geographical Information System<br><\/td><\/tr><tr><td class=\"has-text-align-center\" data-align=\"center\">Virtual &amp; Augmented Reality<br><\/td><\/tr><\/tbody><\/table><\/figure>\n\n\n\n<p><\/p>\n\n\n\n<p><\/p>\n\n\n\n<div style=\"height:100px\" aria-hidden=\"true\" class=\"wp-block-spacer\"><\/div>","protected":false},"excerpt":{"rendered":"<div class=\"entry-summary\">\n<div class=\"entry-summary\">\nVeja aqui os principais servi\u00e7osque lhe podemos oferecer:&nbsp; Laser Scanning 3D &amp; Engenharia Inversa UAV\/Drones &amp; Fotogrametria A\u00e9rea Levantamento Topogr\u00e1fico &amp; Arquitet\u00f3nico Modela\u00e7\u00e3o 3D &amp; BIM Cadastro Infraestruturas A\u00e9reas &amp; Enterradas Inspe\u00e7\u00e3o V\u00eddeo de Condutas Acompanhamento &amp; Fiscaliza\u00e7\u00e3o de Obras&hellip;\n<\/div>\n<div class=\"link-more\"><a href=\"https:\/\/www.toporigor.pt\/en\/servicos-de-topografia\/\" class=\"more-link\">Continue reading<span class=\"screen-reader-text\"> &ldquo;O que fazemos&rdquo;<\/span>&hellip;<\/a><\/div>\n<\/div>\n<div class=\"link-more\"><a href=\"https:\/\/www.toporigor.pt\/en\/servicos-de-topografia\/\" class=\"more-link\">Continue reading<span class=\"screen-reader-text\"> &ldquo;O que fazemos&rdquo;<\/span>&hellip;<\/a><\/div>","protected":false},"author":1,"featured_media":0,"parent":0,"menu_order":0,"comment_status":"closed","ping_status":"closed","template":"","meta":{"_acf_changed":false,"_uag_custom_page_level_css":"","footnotes":""},"class_list":["post-42","page","type-page","status-publish","hentry","entry"],"acf":[],"yoast_head":"<!-- This site is optimized with the Yoast SEO plugin v27.5 - https:\/\/yoast.com\/product\/yoast-seo-wordpress\/ -->\n<title>O que fazemos &#8211; Toporigor 3D Geoci\u00eancias<\/title>\n<meta name=\"description\" content=\"Servi\u00e7os: Topografia, Engenharia inversa, Laser Scanning 3D (LIDAR terrestre, m\u00f3vel ou a\u00e9reo), Modela\u00e7\u00e3o 3D e BIM.\" \/>\n<meta name=\"robots\" content=\"index, follow, max-snippet:-1, max-image-preview:large, max-video-preview:-1\" \/>\n<link rel=\"canonical\" href=\"https:\/\/www.toporigor.pt\/en\/servicos-de-topografia\/\" \/>\n<meta property=\"og:locale\" content=\"en_GB\" \/>\n<meta property=\"og:type\" content=\"article\" \/>\n<meta property=\"og:title\" content=\"O que fazemos &#8211; Toporigor 3D Geoci\u00eancias\" \/>\n<meta property=\"og:description\" content=\"Servi\u00e7os: Topografia, Engenharia inversa, Laser Scanning 3D (LIDAR terrestre, m\u00f3vel ou a\u00e9reo), Modela\u00e7\u00e3o 3D e BIM.\" \/>\n<meta property=\"og:url\" content=\"https:\/\/www.toporigor.pt\/en\/servicos-de-topografia\/\" \/>\n<meta property=\"og:site_name\" content=\"Toporigor 3D Geoci\u00eancias\" \/>\n<meta property=\"article:publisher\" content=\"https:\/\/www.facebook.com\/laserscanning3D\" \/>\n<meta property=\"article:modified_time\" content=\"2025-01-22T01:15:02+00:00\" \/>\n<meta property=\"og:image\" content=\"https:\/\/www.toporigor.pt\/wp-content\/uploads\/2021\/04\/quem_somos-1-1024x144.jpg\" \/>\n<meta name=\"twitter:card\" content=\"summary_large_image\" \/>\n<meta name=\"twitter:label1\" content=\"Estimated reading time\" \/>\n\t<meta name=\"twitter:data1\" content=\"1 minute\" \/>\n<script type=\"application\/ld+json\" class=\"yoast-schema-graph\">{\"@context\":\"https:\\\/\\\/schema.org\",\"@graph\":[{\"@type\":\"WebPage\",\"@id\":\"https:\\\/\\\/www.toporigor.pt\\\/servicos-de-topografia\\\/\",\"url\":\"https:\\\/\\\/www.toporigor.pt\\\/servicos-de-topografia\\\/\",\"name\":\"O que fazemos &#8211; Toporigor 3D Geoci\u00eancias\",\"isPartOf\":{\"@id\":\"https:\\\/\\\/www.toporigor.pt\\\/#website\"},\"primaryImageOfPage\":{\"@id\":\"https:\\\/\\\/www.toporigor.pt\\\/servicos-de-topografia\\\/#primaryimage\"},\"image\":{\"@id\":\"https:\\\/\\\/www.toporigor.pt\\\/servicos-de-topografia\\\/#primaryimage\"},\"thumbnailUrl\":\"https:\\\/\\\/www.toporigor.pt\\\/wp-content\\\/uploads\\\/2021\\\/04\\\/quem_somos-1-1024x144.jpg\",\"datePublished\":\"2021-02-12T10:35:10+00:00\",\"dateModified\":\"2025-01-22T01:15:02+00:00\",\"description\":\"Servi\u00e7os: Topografia, Engenharia inversa, Laser Scanning 3D (LIDAR terrestre, m\u00f3vel ou a\u00e9reo), Modela\u00e7\u00e3o 3D e BIM.\",\"breadcrumb\":{\"@id\":\"https:\\\/\\\/www.toporigor.pt\\\/servicos-de-topografia\\\/#breadcrumb\"},\"inLanguage\":\"en-GB\",\"potentialAction\":[{\"@type\":\"ReadAction\",\"target\":[\"https:\\\/\\\/www.toporigor.pt\\\/servicos-de-topografia\\\/\"]}]},{\"@type\":\"ImageObject\",\"inLanguage\":\"en-GB\",\"@id\":\"https:\\\/\\\/www.toporigor.pt\\\/servicos-de-topografia\\\/#primaryimage\",\"url\":\"https:\\\/\\\/www.toporigor.pt\\\/wp-content\\\/uploads\\\/2021\\\/04\\\/quem_somos-1-1024x144.jpg\",\"contentUrl\":\"https:\\\/\\\/www.toporigor.pt\\\/wp-content\\\/uploads\\\/2021\\\/04\\\/quem_somos-1-1024x144.jpg\"},{\"@type\":\"BreadcrumbList\",\"@id\":\"https:\\\/\\\/www.toporigor.pt\\\/servicos-de-topografia\\\/#breadcrumb\",\"itemListElement\":[{\"@type\":\"ListItem\",\"position\":1,\"name\":\"In\u00edcio\",\"item\":\"https:\\\/\\\/www.toporigor.pt\\\/\"},{\"@type\":\"ListItem\",\"position\":2,\"name\":\"O que fazemos\"}]},{\"@type\":\"WebSite\",\"@id\":\"https:\\\/\\\/www.toporigor.pt\\\/#website\",\"url\":\"https:\\\/\\\/www.toporigor.pt\\\/\",\"name\":\"Toporigor 3D Geoci\u00eancias\",\"description\":\"Laser Scanning 3D, Geoci\u00eancias, Topografia, Engenharia, Projeto\",\"publisher\":{\"@id\":\"https:\\\/\\\/www.toporigor.pt\\\/#organization\"},\"potentialAction\":[{\"@type\":\"SearchAction\",\"target\":{\"@type\":\"EntryPoint\",\"urlTemplate\":\"https:\\\/\\\/www.toporigor.pt\\\/?s={search_term_string}\"},\"query-input\":{\"@type\":\"PropertyValueSpecification\",\"valueRequired\":true,\"valueName\":\"search_term_string\"}}],\"inLanguage\":\"en-GB\"},{\"@type\":\"Organization\",\"@id\":\"https:\\\/\\\/www.toporigor.pt\\\/#organization\",\"name\":\"TopoRigor 3D Geoci\u00eancias\",\"url\":\"https:\\\/\\\/www.toporigor.pt\\\/\",\"logo\":{\"@type\":\"ImageObject\",\"inLanguage\":\"en-GB\",\"@id\":\"https:\\\/\\\/www.toporigor.pt\\\/#\\\/schema\\\/logo\\\/image\\\/\",\"url\":\"https:\\\/\\\/i0.wp.com\\\/www.toporigor.pt\\\/wp-content\\\/uploads\\\/2021\\\/03\\\/logo-Toporigor2-02.png?fit=398%2C122&ssl=1\",\"contentUrl\":\"https:\\\/\\\/i0.wp.com\\\/www.toporigor.pt\\\/wp-content\\\/uploads\\\/2021\\\/03\\\/logo-Toporigor2-02.png?fit=398%2C122&ssl=1\",\"width\":398,\"height\":122,\"caption\":\"TopoRigor 3D Geoci\u00eancias\"},\"image\":{\"@id\":\"https:\\\/\\\/www.toporigor.pt\\\/#\\\/schema\\\/logo\\\/image\\\/\"},\"sameAs\":[\"https:\\\/\\\/www.facebook.com\\\/laserscanning3D\",\"https:\\\/\\\/www.linkedin.com\\\/in\\\/toporigor-paulopereira\\\/\"]}]}<\/script>\n<!-- \/ Yoast SEO plugin. -->","yoast_head_json":{"title":"O que fazemos &#8211; Toporigor 3D Geoci\u00eancias","description":"Servi\u00e7os: Topografia, Engenharia inversa, Laser Scanning 3D (LIDAR terrestre, m\u00f3vel ou a\u00e9reo), Modela\u00e7\u00e3o 3D e BIM.","robots":{"index":"index","follow":"follow","max-snippet":"max-snippet:-1","max-image-preview":"max-image-preview:large","max-video-preview":"max-video-preview:-1"},"canonical":"https:\/\/www.toporigor.pt\/en\/servicos-de-topografia\/","og_locale":"en_GB","og_type":"article","og_title":"O que fazemos &#8211; Toporigor 3D Geoci\u00eancias","og_description":"Servi\u00e7os: Topografia, Engenharia inversa, Laser Scanning 3D (LIDAR terrestre, m\u00f3vel ou a\u00e9reo), Modela\u00e7\u00e3o 3D e BIM.","og_url":"https:\/\/www.toporigor.pt\/en\/servicos-de-topografia\/","og_site_name":"Toporigor 3D Geoci\u00eancias","article_publisher":"https:\/\/www.facebook.com\/laserscanning3D","article_modified_time":"2025-01-22T01:15:02+00:00","og_image":[{"url":"https:\/\/www.toporigor.pt\/wp-content\/uploads\/2021\/04\/quem_somos-1-1024x144.jpg","type":"","width":"","height":""}],"twitter_card":"summary_large_image","twitter_misc":{"Estimated reading time":"1 minute"},"schema":{"@context":"https:\/\/schema.org","@graph":[{"@type":"WebPage","@id":"https:\/\/www.toporigor.pt\/servicos-de-topografia\/","url":"https:\/\/www.toporigor.pt\/servicos-de-topografia\/","name":"O que fazemos &#8211; Toporigor 3D Geoci\u00eancias","isPartOf":{"@id":"https:\/\/www.toporigor.pt\/#website"},"primaryImageOfPage":{"@id":"https:\/\/www.toporigor.pt\/servicos-de-topografia\/#primaryimage"},"image":{"@id":"https:\/\/www.toporigor.pt\/servicos-de-topografia\/#primaryimage"},"thumbnailUrl":"https:\/\/www.toporigor.pt\/wp-content\/uploads\/2021\/04\/quem_somos-1-1024x144.jpg","datePublished":"2021-02-12T10:35:10+00:00","dateModified":"2025-01-22T01:15:02+00:00","description":"Servi\u00e7os: Topografia, Engenharia inversa, Laser Scanning 3D (LIDAR terrestre, m\u00f3vel ou a\u00e9reo), Modela\u00e7\u00e3o 3D e BIM.","breadcrumb":{"@id":"https:\/\/www.toporigor.pt\/servicos-de-topografia\/#breadcrumb"},"inLanguage":"en-GB","potentialAction":[{"@type":"ReadAction","target":["https:\/\/www.toporigor.pt\/servicos-de-topografia\/"]}]},{"@type":"ImageObject","inLanguage":"en-GB","@id":"https:\/\/www.toporigor.pt\/servicos-de-topografia\/#primaryimage","url":"https:\/\/www.toporigor.pt\/wp-content\/uploads\/2021\/04\/quem_somos-1-1024x144.jpg","contentUrl":"https:\/\/www.toporigor.pt\/wp-content\/uploads\/2021\/04\/quem_somos-1-1024x144.jpg"},{"@type":"BreadcrumbList","@id":"https:\/\/www.toporigor.pt\/servicos-de-topografia\/#breadcrumb","itemListElement":[{"@type":"ListItem","position":1,"name":"In\u00edcio","item":"https:\/\/www.toporigor.pt\/"},{"@type":"ListItem","position":2,"name":"O que fazemos"}]},{"@type":"WebSite","@id":"https:\/\/www.toporigor.pt\/#website","url":"https:\/\/www.toporigor.pt\/","name":"Toporigor 3D Geoci\u00eancias","description":"Laser Scanning 3D, Geoci\u00eancias, Topografia, Engenharia, Projeto","publisher":{"@id":"https:\/\/www.toporigor.pt\/#organization"},"potentialAction":[{"@type":"SearchAction","target":{"@type":"EntryPoint","urlTemplate":"https:\/\/www.toporigor.pt\/?s={search_term_string}"},"query-input":{"@type":"PropertyValueSpecification","valueRequired":true,"valueName":"search_term_string"}}],"inLanguage":"en-GB"},{"@type":"Organization","@id":"https:\/\/www.toporigor.pt\/#organization","name":"TopoRigor 3D Geoci\u00eancias","url":"https:\/\/www.toporigor.pt\/","logo":{"@type":"ImageObject","inLanguage":"en-GB","@id":"https:\/\/www.toporigor.pt\/#\/schema\/logo\/image\/","url":"https:\/\/i0.wp.com\/www.toporigor.pt\/wp-content\/uploads\/2021\/03\/logo-Toporigor2-02.png?fit=398%2C122&ssl=1","contentUrl":"https:\/\/i0.wp.com\/www.toporigor.pt\/wp-content\/uploads\/2021\/03\/logo-Toporigor2-02.png?fit=398%2C122&ssl=1","width":398,"height":122,"caption":"TopoRigor 3D Geoci\u00eancias"},"image":{"@id":"https:\/\/www.toporigor.pt\/#\/schema\/logo\/image\/"},"sameAs":["https:\/\/www.facebook.com\/laserscanning3D","https:\/\/www.linkedin.com\/in\/toporigor-paulopereira\/"]}]}},"uagb_featured_image_src":{"full":false,"thumbnail":false,"medium":false,"medium_large":false,"large":false,"1536x1536":false,"2048x2048":false,"trp-custom-language-flag":false,"reykjavik-intro":false},"uagb_author_info":{"display_name":"invisiblepgt","author_link":"https:\/\/www.toporigor.pt\/en\/author\/invisiblepgt\/"},"uagb_comment_info":0,"uagb_excerpt":"Veja aqui os principais servi\u00e7osque lhe podemos oferecer:&nbsp; Laser Scanning 3D &amp; Engenharia Inversa UAV\/Drones &amp; Fotogrametria A\u00e9rea Levantamento Topogr\u00e1fico &amp; Arquitet\u00f3nico Modela\u00e7\u00e3o 3D &amp; BIM Cadastro Infraestruturas A\u00e9reas &amp; Enterradas Inspe\u00e7\u00e3o V\u00eddeo de Condutas Acompanhamento &amp; Fiscaliza\u00e7\u00e3o de Obras&hellip; Continue reading &ldquo;O que fazemos&rdquo;&hellip;","_links":{"self":[{"href":"https:\/\/www.toporigor.pt\/en\/wp-json\/wp\/v2\/pages\/42","targetHints":{"allow":["GET"]}}],"collection":[{"href":"https:\/\/www.toporigor.pt\/en\/wp-json\/wp\/v2\/pages"}],"about":[{"href":"https:\/\/www.toporigor.pt\/en\/wp-json\/wp\/v2\/types\/page"}],"author":[{"embeddable":true,"href":"https:\/\/www.toporigor.pt\/en\/wp-json\/wp\/v2\/users\/1"}],"replies":[{"embeddable":true,"href":"https:\/\/www.toporigor.pt\/en\/wp-json\/wp\/v2\/comments?post=42"}],"version-history":[{"count":30,"href":"https:\/\/www.toporigor.pt\/en\/wp-json\/wp\/v2\/pages\/42\/revisions"}],"predecessor-version":[{"id":2497,"href":"https:\/\/www.toporigor.pt\/en\/wp-json\/wp\/v2\/pages\/42\/revisions\/2497"}],"wp:attachment":[{"href":"https:\/\/www.toporigor.pt\/en\/wp-json\/wp\/v2\/media?parent=42"}],"curies":[{"name":"wp","href":"https:\/\/api.w.org\/{rel}","templated":true}]}}