{"id":19,"date":"2021-02-12T10:24:19","date_gmt":"2021-02-12T10:24:19","guid":{"rendered":"https:\/\/www.toporigor.pt\/?page_id=19"},"modified":"2024-09-04T07:50:49","modified_gmt":"2024-09-04T07:50:49","slug":"contacto","status":"publish","type":"page","link":"https:\/\/www.toporigor.pt\/en\/contacto\/","title":{"rendered":"Contact"},"content":{"rendered":"<figure class=\"wp-block-image alignfull size-large\"><img loading=\"lazy\" decoding=\"async\" width=\"1024\" height=\"144\" src=\"https:\/\/www.toporigor.pt\/wp-content\/uploads\/2021\/04\/contactos-1024x144.jpg\" alt=\"\" class=\"wp-image-416\" srcset=\"https:\/\/www.toporigor.pt\/wp-content\/uploads\/2021\/04\/contactos-1024x144.jpg 1024w, https:\/\/www.toporigor.pt\/wp-content\/uploads\/2021\/04\/contactos-300x42.jpg 300w, https:\/\/www.toporigor.pt\/wp-content\/uploads\/2021\/04\/contactos-768x108.jpg 768w, https:\/\/www.toporigor.pt\/wp-content\/uploads\/2021\/04\/contactos-1536x216.jpg 1536w, https:\/\/www.toporigor.pt\/wp-content\/uploads\/2021\/04\/contactos-16x2.jpg 16w, https:\/\/www.toporigor.pt\/wp-content\/uploads\/2021\/04\/contactos.jpg 1920w\" sizes=\"auto, (max-width: 1024px) 100vw, 1024px\" \/><\/figure>\n\n\n\n<div style=\"height:104px\" aria-hidden=\"true\" class=\"wp-block-spacer\"><\/div>\n\n\n<div class=\"alignwide-wrap\" data-block=\"columns\">\n<div class=\"wp-block-columns alignwide has-2-columns\">\n<div class=\"wp-block-column\">\n<div class=\"caldera-grid\" id=\"caldera_form_1\" data-cf-ver=\"1.9.7\" data-cf-form-id=\"CF6071f29e05b07\"><div id=\"caldera_notices_1\" data-spinner=\"https:\/\/www.toporigor.pt\/wp-admin\/images\/spinner.gif\"><\/div><form data-instance=\"1\" class=\"CF6071f29e05b07 caldera_forms_form cfajax-trigger\" method=\"POST\" enctype=\"multipart\/form-data\" id=\"CF6071f29e05b07_1\" data-form-id=\"CF6071f29e05b07\" aria-label=\"Contacto toporigor\" data-target=\"#caldera_notices_1\" data-template=\"#cfajax_CF6071f29e05b07-tmpl\" data-cfajax=\"CF6071f29e05b07\" data-load-element=\"_parent\" data-load-class=\"cf_processing\" data-post-disable=\"0\" data-action=\"cf_process_ajax_submit\" data-request=\"https:\/\/www.toporigor.pt\/en\/cf-api\/CF6071f29e05b07\" data-hiderows=\"true\" action=\"\">\r\n<input type=\"hidden\" id=\"_cf_verify_CF6071f29e05b07\" name=\"_cf_verify\" value=\"b610094fc2\"  data-nonce-time=\"1777543107\" \/><input type=\"hidden\" name=\"_wp_http_referer\" value=\"\/en\/wp-json\/wp\/v2\/pages\/19\" \/><div id=\"cf2-CF6071f29e05b07_1\"><\/div><input type=\"hidden\" name=\"_cf_frm_id\" value=\"CF6071f29e05b07\">\r\n<input type=\"hidden\" name=\"_cf_frm_ct\" value=\"1\">\r\n<input type=\"hidden\" name=\"cfajax\" value=\"CF6071f29e05b07\">\r\n<input type=\"hidden\" name=\"_cf_cr_pst\" value=\"19\">\r\n<div class=\"hide\" style=\"display:none; overflow:hidden;height:0;width:0;\">\r\n<label>Company<\/label><input type=\"text\" name=\"company\" value=\"\" autocomplete=\"off\">\r\n<\/div><div id=\"CF6071f29e05b07_1-row-1\"  class=\"row  first_row\"><div  class=\"col-sm-12  single\"><div class=\"\"><h2>How can we help?<\/h2>\n<p>Tell us how to get in touch with you.<\/p>\n<p><\/p>\n<\/div><\/div><\/div><div id=\"CF6071f29e05b07_1-row-2\"  class=\"row\"><div  class=\"col-sm-12  single\"><div data-field-wrapper=\"fld_8768091\" class=\"form-group\" id=\"fld_8768091_1-wrap\">\r\n\t<label id=\"fld_8768091Label\" for=\"fld_8768091_1\" class=\"control-label\">Name <span aria-hidden=\"true\" role=\"presentation\" class=\"field_required\" style=\"color:#ee0000;\">*<\/span><\/label>\r\n\t<div class=\"\">\r\n\t\t<input placeholder=\"Write name\"  required type=\"text\" data-field=\"fld_8768091\" class=\"form-control\" id=\"fld_8768091_1\" name=\"fld_8768091\" value=\"\" data-type=\"text\" aria-required=\"true\"   aria-labelledby=\"fld_8768091Label\" >\t\t\t<\/div>\r\n<\/div>\r\n<div class=\"\"><p><\/p>\n<\/div><\/div><\/div><div id=\"CF6071f29e05b07_1-row-3\"  class=\"row\"><div  class=\"col-sm-12  single\"><div data-field-wrapper=\"fld_6009157\" class=\"form-group\" id=\"fld_6009157_1-wrap\">\r\n\t<label id=\"fld_6009157Label\" for=\"fld_6009157_1\" class=\"control-label\">Email address <span aria-hidden=\"true\" role=\"presentation\" class=\"field_required\" style=\"color:#ee0000;\">*<\/span><\/label>\r\n\t<div class=\"\">\r\n\t\t<input placeholder=\"Write email address\"  required type=\"email\" data-field=\"fld_6009157\" class=\"form-control\" id=\"fld_6009157_1\" name=\"fld_6009157\" value=\"\" data-type=\"email\" aria-required=\"true\"   aria-labelledby=\"fld_6009157Label\" >\t\t\t<\/div>\r\n<\/div>\r\n<\/div><\/div><div id=\"CF6071f29e05b07_1-row-4\"  class=\"row\"><div  class=\"col-sm-12  single\"><div class=\"\"><p><\/p>\n<\/div><\/div><\/div><div id=\"CF6071f29e05b07_1-row-5\"  class=\"row\"><div  class=\"col-sm-12  single\"><div data-field-wrapper=\"fld_7683514\" class=\"form-group\" id=\"fld_7683514_1-wrap\">\r\n\t<label id=\"fld_7683514Label\" for=\"fld_7683514_1\" class=\"control-label\">Comments \/ Questions <span aria-hidden=\"true\" role=\"presentation\" class=\"field_required\" style=\"color:#ee0000;\">*<\/span><\/label>\r\n\t<div class=\"\">\r\n\t\t<textarea name=\"fld_7683514\" value=\"\" data-field=\"fld_7683514\" class=\"form-control\" id=\"fld_7683514_1\" rows=\"7\" placeholder=\"Write message - Ask a question or leave a comment\"  required=\"required\"  aria-labelledby=\"fld_7683514Label\" ><\/textarea>\n\t\t\t<\/div>\r\n<\/div>\r\n<\/div><\/div><div id=\"CF6071f29e05b07_1-row-6\"  class=\"row\"><div  class=\"col-sm-12  single\"><div data-field-wrapper=\"fld_7908577\" class=\"form-group\" id=\"fld_7908577_1-wrap\">\r\n<div class=\"\">\r\n\t<input  class=\"btn btn-default\" type=\"submit\" name=\"fld_7908577\" id=\"fld_7908577_1\" value=\"Send message\" data-field=\"fld_7908577\"  >\n<\/div>\r\n<\/div>\r\n\t<input class=\"button_trigger_1\" type=\"hidden\" name=\"fld_7908577\" id=\"fld_7908577_1_btn\" value=\"\" data-field=\"fld_7908577\"  \/>\n<\/div><\/div><div id=\"CF6071f29e05b07_1-row-7\"  class=\"row\"><div  class=\"col-sm-12  single\"><div class=\"\"><p><\/p>\n<\/div><\/div><\/div><div id=\"CF6071f29e05b07_1-row-8\"  class=\"row  last_row\"><div  class=\"col-sm-12  single\"><div data-field-wrapper=\"fld_8655717\" class=\"form-group\" id=\"fld_8655717_1-wrap\">\r\n<div class=\"\">\r\n\n<div class=\"checkbox-inline caldera-forms-consent-field\">\n    <input data-parsley-required=\"true\" data-parsley-group=\"fld_8655717_1\" data-parsley-multiple=\"fld_8655717_1\"        type=\"checkbox\" data-label=\"Concordo com a Pol\u00edtica de Privacidade\"\n        data-field=\"fld_8655717\"\n        id=\"fld_8655717_1\"\n        class=\"fld_8655717_1 option-required\"\n        name=\"fld_8655717\"\n        value=\"1\"\n        data-type=\"checkbox\"\n        data-checkbox-field=\"fld_8655717_1\"\n    >\n    <label for=\"fld_8655717_1\"\n           class=\"caldera-forms-gdpr-field-label\"\n           style=\"display:inline; margin-left: 0.5rem;\"\n    >\n        I agree with the Privacy Policy        <p\n            class=\"caldera-forms-consent-field-agreement\"\n        >\n            and I declare that read the necessary information in accordance with Article 13 of the GDPR.\n        <\/p>\n        <a href=\"https:\/\/www.toporigor.pt\/en\/politica-de-privacidade\/\"\n           target=\"_blank\"\n                title=\"https:\/\/www.toporigor.pt\/politica-de-privacidade\/\"\n            class=\"caldera-forms-consent-field-linked_text\"\n            >\n            <br>See Privacy Policy        <\/a>\n    <\/label>\n    <span style=\"color:#ff0000;\">*<\/span>\n<\/div>\n\n<\/div>\r\n<\/div>\r\n<\/div><\/div><input type=\"hidden\" name=\"trp-form-language\" value=\"en\"\/><\/form>\r\n<\/div>\r\n\n\n\n\n<p><\/p>\n\n\n\n<p><\/p>\n<\/div>\n\n\n\n<div class=\"wp-block-column\">\n<div class=\"wp-block-group\"><div class=\"wp-block-group__inner-container is-layout-flow wp-block-group-is-layout-flow\">\n<h2 class=\"wp-block-heading\">Contact<\/h2>\n\n\n\n<ul class=\"wp-block-list\">\n<li>Largo General Humberto Delgado, n\u00ba 5, 1\u00ba Frt.<br>Porto Alto \u2013 2135-029 Samora Correia<br>Portugal<\/li>\n<\/ul>\n\n\n\n<ul class=\"wp-block-list\">\n<li>geral@toporigor.pt<\/li>\n<\/ul>\n\n\n\n<ul class=\"wp-block-list\">\n<li>+351 938 354 756 <br><sup> (National mobile network)<\/sup><\/li>\n<\/ul>\n<\/div><\/div>\n<\/div>\n<\/div>\n<\/div>\n\n\n<div class=\"wp-block-columns alignfull\">\n<div class=\"wp-block-column\">\t\t\t<div \n\t\t\tclass=\"wp-block-uagb-google-map uagb-google-map__wrap uagb-block-db93f906\"\n\t\t\tstyle=\"\" >\n\t\t\t\t<embed\n\t\t\t\t\tclass=\"uagb-google-map__iframe\"\n\t\t\t\t\ttitle=\"Google Map for \"\n\t\t\t\t\tsrc=\"https:\/\/maps.google.com\/maps?q=toporigor&#038;z=18&#038;hl=en&#038;t=m&#038;output=embed&#038;iwloc=near\"\n\t\t\t\t\twidth=\"640\"\n\t\t\t\t\theight=\"360\"\n\t\t\t\t\tloading=\"lazy\"\n\t\t\t\t><\/embed>\n\t\t\t<\/div>\n\t\t\t<\/div>\n<\/div>","protected":false},"excerpt":{"rendered":"<div class=\"entry-summary\">\n<div class=\"entry-summary\">\n<p>This is a page\/post excerpt text. <a href=\"http:\/\/easycaptures.com\/fs\/uploaded\/1105\/7384447174.jpg\">How to edit excerpt field content?<\/a><\/p>\n<\/div>\n<div class=\"link-more\"><a href=\"https:\/\/www.toporigor.pt\/en\/contacto\/\" class=\"more-link\">Continue reading<span class=\"screen-reader-text\"> &ldquo;Contacto&rdquo;<\/span>&hellip;<\/a><\/div>\n<\/div>\n<div class=\"link-more\"><a href=\"https:\/\/www.toporigor.pt\/en\/contacto\/\" class=\"more-link\">Continue reading<span class=\"screen-reader-text\"> &ldquo;Contacto&rdquo;<\/span>&hellip;<\/a><\/div>","protected":false},"author":1,"featured_media":0,"parent":0,"menu_order":0,"comment_status":"closed","ping_status":"closed","template":"templates\/no-intro.php","meta":{"_acf_changed":false,"_uag_custom_page_level_css":"","footnotes":""},"class_list":["post-19","page","type-page","status-publish","hentry","entry"],"acf":[],"yoast_head":"<!-- This site is optimized with the Yoast SEO plugin v27.5 - https:\/\/yoast.com\/product\/yoast-seo-wordpress\/ -->\n<title>Contacto &#8211; Toporigor 3D Geoci\u00eancias Topografia, Engenharia, Projeto<\/title>\n<meta name=\"description\" content=\"Contacte-nos e solicite-nos uma proposta de solu\u00e7\u00e3o para a necessidade do seu projeto. Trabalhamos em 2D, 3D ou BIM.\" \/>\n<meta name=\"robots\" content=\"index, follow, max-snippet:-1, max-image-preview:large, max-video-preview:-1\" \/>\n<link rel=\"canonical\" href=\"https:\/\/www.toporigor.pt\/en\/contacto\/\" \/>\n<meta property=\"og:locale\" content=\"en_GB\" \/>\n<meta property=\"og:type\" content=\"article\" \/>\n<meta property=\"og:title\" content=\"Contacto &#8211; Toporigor 3D Geoci\u00eancias Topografia, Engenharia, Projeto\" \/>\n<meta property=\"og:description\" content=\"Contacte-nos e solicite-nos uma proposta de solu\u00e7\u00e3o para a necessidade do seu projeto. Trabalhamos em 2D, 3D ou BIM.\" \/>\n<meta property=\"og:url\" content=\"https:\/\/www.toporigor.pt\/en\/contacto\/\" \/>\n<meta property=\"og:site_name\" content=\"Toporigor 3D Geoci\u00eancias\" \/>\n<meta property=\"article:publisher\" content=\"https:\/\/www.facebook.com\/laserscanning3D\" \/>\n<meta property=\"article:modified_time\" content=\"2024-09-04T07:50:49+00:00\" \/>\n<meta property=\"og:image\" content=\"https:\/\/www.toporigor.pt\/wp-content\/uploads\/2021\/04\/contactos-1024x144.jpg\" \/>\n<meta name=\"twitter:card\" content=\"summary_large_image\" \/>\n<meta name=\"twitter:label1\" content=\"Estimated reading time\" \/>\n\t<meta name=\"twitter:data1\" content=\"1 minute\" \/>\n<script type=\"application\/ld+json\" class=\"yoast-schema-graph\">{\"@context\":\"https:\\\/\\\/schema.org\",\"@graph\":[{\"@type\":\"WebPage\",\"@id\":\"https:\\\/\\\/www.toporigor.pt\\\/contacto\\\/\",\"url\":\"https:\\\/\\\/www.toporigor.pt\\\/contacto\\\/\",\"name\":\"Contacto &#8211; Toporigor 3D Geoci\u00eancias Topografia, Engenharia, Projeto\",\"isPartOf\":{\"@id\":\"https:\\\/\\\/www.toporigor.pt\\\/#website\"},\"primaryImageOfPage\":{\"@id\":\"https:\\\/\\\/www.toporigor.pt\\\/contacto\\\/#primaryimage\"},\"image\":{\"@id\":\"https:\\\/\\\/www.toporigor.pt\\\/contacto\\\/#primaryimage\"},\"thumbnailUrl\":\"https:\\\/\\\/www.toporigor.pt\\\/wp-content\\\/uploads\\\/2021\\\/04\\\/contactos-1024x144.jpg\",\"datePublished\":\"2021-02-12T10:24:19+00:00\",\"dateModified\":\"2024-09-04T07:50:49+00:00\",\"description\":\"Contacte-nos e solicite-nos uma proposta de solu\u00e7\u00e3o para a necessidade do seu projeto. Trabalhamos em 2D, 3D ou BIM.\",\"breadcrumb\":{\"@id\":\"https:\\\/\\\/www.toporigor.pt\\\/contacto\\\/#breadcrumb\"},\"inLanguage\":\"en-GB\",\"potentialAction\":[{\"@type\":\"ReadAction\",\"target\":[\"https:\\\/\\\/www.toporigor.pt\\\/contacto\\\/\"]}]},{\"@type\":\"ImageObject\",\"inLanguage\":\"en-GB\",\"@id\":\"https:\\\/\\\/www.toporigor.pt\\\/contacto\\\/#primaryimage\",\"url\":\"https:\\\/\\\/www.toporigor.pt\\\/wp-content\\\/uploads\\\/2021\\\/04\\\/contactos-1024x144.jpg\",\"contentUrl\":\"https:\\\/\\\/www.toporigor.pt\\\/wp-content\\\/uploads\\\/2021\\\/04\\\/contactos-1024x144.jpg\"},{\"@type\":\"BreadcrumbList\",\"@id\":\"https:\\\/\\\/www.toporigor.pt\\\/contacto\\\/#breadcrumb\",\"itemListElement\":[{\"@type\":\"ListItem\",\"position\":1,\"name\":\"In\u00edcio\",\"item\":\"https:\\\/\\\/www.toporigor.pt\\\/\"},{\"@type\":\"ListItem\",\"position\":2,\"name\":\"Contacto\"}]},{\"@type\":\"WebSite\",\"@id\":\"https:\\\/\\\/www.toporigor.pt\\\/#website\",\"url\":\"https:\\\/\\\/www.toporigor.pt\\\/\",\"name\":\"Toporigor 3D Geoci\u00eancias\",\"description\":\"Laser Scanning 3D, Geoci\u00eancias, Topografia, Engenharia, Projeto\",\"publisher\":{\"@id\":\"https:\\\/\\\/www.toporigor.pt\\\/#organization\"},\"potentialAction\":[{\"@type\":\"SearchAction\",\"target\":{\"@type\":\"EntryPoint\",\"urlTemplate\":\"https:\\\/\\\/www.toporigor.pt\\\/?s={search_term_string}\"},\"query-input\":{\"@type\":\"PropertyValueSpecification\",\"valueRequired\":true,\"valueName\":\"search_term_string\"}}],\"inLanguage\":\"en-GB\"},{\"@type\":\"Organization\",\"@id\":\"https:\\\/\\\/www.toporigor.pt\\\/#organization\",\"name\":\"TopoRigor 3D Geoci\u00eancias\",\"url\":\"https:\\\/\\\/www.toporigor.pt\\\/\",\"logo\":{\"@type\":\"ImageObject\",\"inLanguage\":\"en-GB\",\"@id\":\"https:\\\/\\\/www.toporigor.pt\\\/#\\\/schema\\\/logo\\\/image\\\/\",\"url\":\"https:\\\/\\\/i0.wp.com\\\/www.toporigor.pt\\\/wp-content\\\/uploads\\\/2021\\\/03\\\/logo-Toporigor2-02.png?fit=398%2C122&ssl=1\",\"contentUrl\":\"https:\\\/\\\/i0.wp.com\\\/www.toporigor.pt\\\/wp-content\\\/uploads\\\/2021\\\/03\\\/logo-Toporigor2-02.png?fit=398%2C122&ssl=1\",\"width\":398,\"height\":122,\"caption\":\"TopoRigor 3D Geoci\u00eancias\"},\"image\":{\"@id\":\"https:\\\/\\\/www.toporigor.pt\\\/#\\\/schema\\\/logo\\\/image\\\/\"},\"sameAs\":[\"https:\\\/\\\/www.facebook.com\\\/laserscanning3D\",\"https:\\\/\\\/www.linkedin.com\\\/in\\\/toporigor-paulopereira\\\/\"]}]}<\/script>\n<!-- \/ Yoast SEO plugin. -->","yoast_head_json":{"title":"Contacto &#8211; Toporigor 3D Geoci\u00eancias Topografia, Engenharia, Projeto","description":"Contacte-nos e solicite-nos uma proposta de solu\u00e7\u00e3o para a necessidade do seu projeto. Trabalhamos em 2D, 3D ou BIM.","robots":{"index":"index","follow":"follow","max-snippet":"max-snippet:-1","max-image-preview":"max-image-preview:large","max-video-preview":"max-video-preview:-1"},"canonical":"https:\/\/www.toporigor.pt\/en\/contacto\/","og_locale":"en_GB","og_type":"article","og_title":"Contacto &#8211; Toporigor 3D Geoci\u00eancias Topografia, Engenharia, Projeto","og_description":"Contacte-nos e solicite-nos uma proposta de solu\u00e7\u00e3o para a necessidade do seu projeto. Trabalhamos em 2D, 3D ou BIM.","og_url":"https:\/\/www.toporigor.pt\/en\/contacto\/","og_site_name":"Toporigor 3D Geoci\u00eancias","article_publisher":"https:\/\/www.facebook.com\/laserscanning3D","article_modified_time":"2024-09-04T07:50:49+00:00","og_image":[{"url":"https:\/\/www.toporigor.pt\/wp-content\/uploads\/2021\/04\/contactos-1024x144.jpg","type":"","width":"","height":""}],"twitter_card":"summary_large_image","twitter_misc":{"Estimated reading time":"1 minute"},"schema":{"@context":"https:\/\/schema.org","@graph":[{"@type":"WebPage","@id":"https:\/\/www.toporigor.pt\/contacto\/","url":"https:\/\/www.toporigor.pt\/contacto\/","name":"Contacto &#8211; Toporigor 3D Geoci\u00eancias Topografia, Engenharia, Projeto","isPartOf":{"@id":"https:\/\/www.toporigor.pt\/#website"},"primaryImageOfPage":{"@id":"https:\/\/www.toporigor.pt\/contacto\/#primaryimage"},"image":{"@id":"https:\/\/www.toporigor.pt\/contacto\/#primaryimage"},"thumbnailUrl":"https:\/\/www.toporigor.pt\/wp-content\/uploads\/2021\/04\/contactos-1024x144.jpg","datePublished":"2021-02-12T10:24:19+00:00","dateModified":"2024-09-04T07:50:49+00:00","description":"Contacte-nos e solicite-nos uma proposta de solu\u00e7\u00e3o para a necessidade do seu projeto. Trabalhamos em 2D, 3D ou BIM.","breadcrumb":{"@id":"https:\/\/www.toporigor.pt\/contacto\/#breadcrumb"},"inLanguage":"en-GB","potentialAction":[{"@type":"ReadAction","target":["https:\/\/www.toporigor.pt\/contacto\/"]}]},{"@type":"ImageObject","inLanguage":"en-GB","@id":"https:\/\/www.toporigor.pt\/contacto\/#primaryimage","url":"https:\/\/www.toporigor.pt\/wp-content\/uploads\/2021\/04\/contactos-1024x144.jpg","contentUrl":"https:\/\/www.toporigor.pt\/wp-content\/uploads\/2021\/04\/contactos-1024x144.jpg"},{"@type":"BreadcrumbList","@id":"https:\/\/www.toporigor.pt\/contacto\/#breadcrumb","itemListElement":[{"@type":"ListItem","position":1,"name":"In\u00edcio","item":"https:\/\/www.toporigor.pt\/"},{"@type":"ListItem","position":2,"name":"Contacto"}]},{"@type":"WebSite","@id":"https:\/\/www.toporigor.pt\/#website","url":"https:\/\/www.toporigor.pt\/","name":"Toporigor 3D Geoci\u00eancias","description":"Laser Scanning 3D, Geoci\u00eancias, Topografia, Engenharia, Projeto","publisher":{"@id":"https:\/\/www.toporigor.pt\/#organization"},"potentialAction":[{"@type":"SearchAction","target":{"@type":"EntryPoint","urlTemplate":"https:\/\/www.toporigor.pt\/?s={search_term_string}"},"query-input":{"@type":"PropertyValueSpecification","valueRequired":true,"valueName":"search_term_string"}}],"inLanguage":"en-GB"},{"@type":"Organization","@id":"https:\/\/www.toporigor.pt\/#organization","name":"TopoRigor 3D Geoci\u00eancias","url":"https:\/\/www.toporigor.pt\/","logo":{"@type":"ImageObject","inLanguage":"en-GB","@id":"https:\/\/www.toporigor.pt\/#\/schema\/logo\/image\/","url":"https:\/\/i0.wp.com\/www.toporigor.pt\/wp-content\/uploads\/2021\/03\/logo-Toporigor2-02.png?fit=398%2C122&ssl=1","contentUrl":"https:\/\/i0.wp.com\/www.toporigor.pt\/wp-content\/uploads\/2021\/03\/logo-Toporigor2-02.png?fit=398%2C122&ssl=1","width":398,"height":122,"caption":"TopoRigor 3D Geoci\u00eancias"},"image":{"@id":"https:\/\/www.toporigor.pt\/#\/schema\/logo\/image\/"},"sameAs":["https:\/\/www.facebook.com\/laserscanning3D","https:\/\/www.linkedin.com\/in\/toporigor-paulopereira\/"]}]}},"uagb_featured_image_src":{"full":false,"thumbnail":false,"medium":false,"medium_large":false,"large":false,"1536x1536":false,"2048x2048":false,"trp-custom-language-flag":false,"reykjavik-intro":false},"uagb_author_info":{"display_name":"invisiblepgt","author_link":"https:\/\/www.toporigor.pt\/en\/author\/invisiblepgt\/"},"uagb_comment_info":0,"uagb_excerpt":"This is a page\/post excerpt text. How to edit excerpt field content? Continue reading &ldquo;Contacto&rdquo;&hellip;","_links":{"self":[{"href":"https:\/\/www.toporigor.pt\/en\/wp-json\/wp\/v2\/pages\/19","targetHints":{"allow":["GET"]}}],"collection":[{"href":"https:\/\/www.toporigor.pt\/en\/wp-json\/wp\/v2\/pages"}],"about":[{"href":"https:\/\/www.toporigor.pt\/en\/wp-json\/wp\/v2\/types\/page"}],"author":[{"embeddable":true,"href":"https:\/\/www.toporigor.pt\/en\/wp-json\/wp\/v2\/users\/1"}],"replies":[{"embeddable":true,"href":"https:\/\/www.toporigor.pt\/en\/wp-json\/wp\/v2\/comments?post=19"}],"version-history":[{"count":26,"href":"https:\/\/www.toporigor.pt\/en\/wp-json\/wp\/v2\/pages\/19\/revisions"}],"predecessor-version":[{"id":2166,"href":"https:\/\/www.toporigor.pt\/en\/wp-json\/wp\/v2\/pages\/19\/revisions\/2166"}],"wp:attachment":[{"href":"https:\/\/www.toporigor.pt\/en\/wp-json\/wp\/v2\/media?parent=19"}],"curies":[{"name":"wp","href":"https:\/\/api.w.org\/{rel}","templated":true}]}}