{"id":17,"date":"2021-02-12T10:24:19","date_gmt":"2021-02-12T10:24:19","guid":{"rendered":"https:\/\/www.toporigor.pt\/?page_id=17"},"modified":"2026-01-01T22:03:39","modified_gmt":"2026-01-01T22:03:39","slug":"quem-somos","status":"publish","type":"page","link":"https:\/\/www.toporigor.pt\/en\/quem-somos\/","title":{"rendered":"About us"},"content":{"rendered":"<figure class=\"wp-block-image alignfull size-large\"><img loading=\"lazy\" decoding=\"async\" width=\"1024\" height=\"144\" src=\"https:\/\/www.toporigor.pt\/wp-content\/uploads\/2021\/04\/servicos-1024x144.jpg\" alt=\"\" class=\"wp-image-334\" srcset=\"https:\/\/www.toporigor.pt\/wp-content\/uploads\/2021\/04\/servicos-1024x144.jpg 1024w, https:\/\/www.toporigor.pt\/wp-content\/uploads\/2021\/04\/servicos-300x42.jpg 300w, https:\/\/www.toporigor.pt\/wp-content\/uploads\/2021\/04\/servicos-768x108.jpg 768w, https:\/\/www.toporigor.pt\/wp-content\/uploads\/2021\/04\/servicos-1536x216.jpg 1536w, https:\/\/www.toporigor.pt\/wp-content\/uploads\/2021\/04\/servicos-16x2.jpg 16w, https:\/\/www.toporigor.pt\/wp-content\/uploads\/2021\/04\/servicos.jpg 1920w\" sizes=\"auto, (max-width: 1024px) 100vw, 1024px\" \/><\/figure>\n\n\n\n<div style=\"height:70px\" aria-hidden=\"true\" class=\"wp-block-spacer\"><\/div>\n\n\n\n<h2 class=\"wp-block-heading alignfull has-text-align-center\">A Project with <br>30 years of experience.<\/h2>\n\n\n\n<div class=\"wp-block-group alignfull\"><div class=\"wp-block-group__inner-container is-layout-flow wp-block-group-is-layout-flow\">\n<p class=\"has-text-align-left has-color-header-headings-mod-color has-text-color\">A <strong>TopoRigor 3D Geoci\u00eancias- Topografia, Engenharia e Projeto, <\/strong>foi criada no ano<strong> 2001<\/strong>, sobre os alicerces de um projeto iniciado no ano 1991 pelo s\u00f3cio gerente\u00a0(Eng\u00ba Paulo Pereira) no \u00e2mbito da Topografia Aplicada, evoluindo desde ent\u00e3o, para as mais diversas \u00e1reas das\u00a0<strong>GeoCi\u00eancias, Engenharia Inversa e Projeto<\/strong>.\u00a0<\/p>\n\n\n\n<p class=\"has-text-align-left has-color-header-headings-mod-color has-text-color\">Dispomos hoje de um conjunto muito alargado de equipamento com alt\u00edssima qualidade, um corpo t\u00e9cnico bastante experiente, composto maioritariamente por <strong>Engenheiros e Arquitetos <\/strong>que captam e processam dados massivos, por forma a fornecer uma base de qualidade para os projetos que nos s\u00e3o confiados.  <\/p>\n<\/div><\/div>\n\n\n\n<p class=\"has-color-header-headings-mod-color has-text-color\">Acumulamos hoje alguma\u00a0experi\u00eancia\u00a0e sabedoria, mantendo o mesmo \u201cADN\u201d inicial, com humildade e dedica\u00e7\u00e3o para \u201ctentar fazer mais e melhor, na forma mais eficiente\u201d.\u00a0<\/p>\n\n\n\n<p class=\"has-color-header-headings-mod-color has-text-color\">Our\u00a0<strong>\u201cDream of Quality and Rigor\u201d<\/strong>, com a dose certa de ambi\u00e7\u00e3o, dedica\u00e7\u00e3o e muito trabalho, tem projetado o nosso nome de cliente em cliente, tendo ultrapassado os 750 clientes em 2025.<\/p>\n\n\n\n<p><\/p>\n\n\n\n<figure class=\"wp-block-pullquote\"><blockquote><p>Permitam-nos deixar um sincero agradecimento aos nossos clientes, colaboradores, fornecedores e amigos, que s\u00e3o sem sombra de duvida, o nosso principal motor de desenvolvimento. Bem hajam! &#8220;<\/p><cite>Paulo Pereira (CEO)<\/cite><\/blockquote><\/figure>\n\n\n\t\t\t\t\t<div\n\t\t\t\t\t\tclass=\"wp-block-uagb-image-gallery uagb-block-092960f8\"\n\t\t\t\t\t\tstyle=\"\"\n\t\t\t\t\t>\n\t\t\t\t\t\t\t\t\t\t\t<div class=\"spectra-image-gallery spectra-image-gallery__layout--grid spectra-image-gallery__layout--grid-col-2 spectra-image-gallery__layout--grid-col-tab-3 spectra-image-gallery__layout--grid-col-mob-2\">\n\t\t\t\t\t\t\t\t\t\t\t<div class='spectra-image-gallery__media-wrapper' data-spectra-gallery-image-id='291' tabindex=\"0\">\n\t\t\t\t\t\t\t<div class=\"spectra-image-gallery__media spectra-image-gallery__media--grid\">\n\t\t\t\t<picture>\n\t\t\t\t\t<source media=\"(min-width: 1024px)\" srcset=\"https:\/\/www.toporigor.pt\/wp-content\/uploads\/2021\/04\/quemsomos6-1.jpg\">\n\t\t\t\t\t<source media=\"(min-width: 768px)\" srcset=\"https:\/\/www.toporigor.pt\/wp-content\/uploads\/2021\/04\/quemsomos6-1.jpg\">\n\t\t\t\t\t<img decoding=\"async\" class=\"spectra-image-gallery__media-thumbnail spectra-image-gallery__media-thumbnail--grid\" src=\"https:\/\/www.toporigor.pt\/wp-content\/uploads\/2021\/04\/quemsomos6-1-300x258.jpg\" alt=\"\" loading=\"lazy\" \/>\n\t\t\t\t<\/picture>\n\t\t\t\t<div class=\"spectra-image-gallery__media-thumbnail-blurrer\"><\/div>\n\t\t\t\t\t\t\t\t\t\t\t<div class=\"spectra-image-gallery__media-thumbnail-caption-wrapper spectra-image-gallery__media-thumbnail-caption-wrapper--overlay\">\n\t\t\t\t\t\t\t\t\t\t\t<div class=\"spectra-image-gallery__media-thumbnail-caption spectra-image-gallery__media-thumbnail-caption--overlay\">\n\t\t\t\t\t\t\t\t\t<\/div>\n\t\t\t\t\t\t\t\t\t\t<\/div>\n\t\t\t\t\t\t\t\t\t<\/div>\n\t\t\t\t\t\t<\/div>\n\t\t\t\t\t\t<div class='spectra-image-gallery__media-wrapper' data-spectra-gallery-image-id='292' tabindex=\"0\">\n\t\t\t\t\t\t\t<div class=\"spectra-image-gallery__media spectra-image-gallery__media--grid\">\n\t\t\t\t<picture>\n\t\t\t\t\t<source media=\"(min-width: 1024px)\" srcset=\"https:\/\/www.toporigor.pt\/wp-content\/uploads\/2021\/04\/quemsomos2-1.jpg\">\n\t\t\t\t\t<source media=\"(min-width: 768px)\" srcset=\"https:\/\/www.toporigor.pt\/wp-content\/uploads\/2021\/04\/quemsomos2-1.jpg\">\n\t\t\t\t\t<img decoding=\"async\" class=\"spectra-image-gallery__media-thumbnail spectra-image-gallery__media-thumbnail--grid\" src=\"https:\/\/www.toporigor.pt\/wp-content\/uploads\/2021\/04\/quemsomos2-1-300x258.jpg\" alt=\"\" loading=\"lazy\" \/>\n\t\t\t\t<\/picture>\n\t\t\t\t<div class=\"spectra-image-gallery__media-thumbnail-blurrer\"><\/div>\n\t\t\t\t\t\t\t\t\t\t\t<div class=\"spectra-image-gallery__media-thumbnail-caption-wrapper spectra-image-gallery__media-thumbnail-caption-wrapper--overlay\">\n\t\t\t\t\t\t\t\t\t\t\t<div class=\"spectra-image-gallery__media-thumbnail-caption spectra-image-gallery__media-thumbnail-caption--overlay\">\n\t\t\t\t\t\t\t\t\t<\/div>\n\t\t\t\t\t\t\t\t\t\t<\/div>\n\t\t\t\t\t\t\t\t\t<\/div>\n\t\t\t\t\t\t<\/div>\n\t\t\t\t\t\t<div class='spectra-image-gallery__media-wrapper' data-spectra-gallery-image-id='289' tabindex=\"0\">\n\t\t\t\t\t\t\t<div class=\"spectra-image-gallery__media spectra-image-gallery__media--grid\">\n\t\t\t\t<picture>\n\t\t\t\t\t<source media=\"(min-width: 1024px)\" srcset=\"https:\/\/www.toporigor.pt\/wp-content\/uploads\/2021\/04\/quemsomos3-1.jpg\">\n\t\t\t\t\t<source media=\"(min-width: 768px)\" srcset=\"https:\/\/www.toporigor.pt\/wp-content\/uploads\/2021\/04\/quemsomos3-1.jpg\">\n\t\t\t\t\t<img decoding=\"async\" class=\"spectra-image-gallery__media-thumbnail spectra-image-gallery__media-thumbnail--grid\" src=\"https:\/\/www.toporigor.pt\/wp-content\/uploads\/2021\/04\/quemsomos3-1-300x258.jpg\" alt=\"\" loading=\"lazy\" \/>\n\t\t\t\t<\/picture>\n\t\t\t\t<div class=\"spectra-image-gallery__media-thumbnail-blurrer\"><\/div>\n\t\t\t\t\t\t\t\t\t\t\t<div class=\"spectra-image-gallery__media-thumbnail-caption-wrapper spectra-image-gallery__media-thumbnail-caption-wrapper--overlay\">\n\t\t\t\t\t\t\t\t\t\t\t<div class=\"spectra-image-gallery__media-thumbnail-caption spectra-image-gallery__media-thumbnail-caption--overlay\">\n\t\t\t\t\t\t\t\t\t<\/div>\n\t\t\t\t\t\t\t\t\t\t<\/div>\n\t\t\t\t\t\t\t\t\t<\/div>\n\t\t\t\t\t\t<\/div>\n\t\t\t\t\t\t<div class='spectra-image-gallery__media-wrapper' data-spectra-gallery-image-id='290' tabindex=\"0\">\n\t\t\t\t\t\t\t<div class=\"spectra-image-gallery__media spectra-image-gallery__media--grid\">\n\t\t\t\t<picture>\n\t\t\t\t\t<source media=\"(min-width: 1024px)\" srcset=\"https:\/\/www.toporigor.pt\/wp-content\/uploads\/2021\/04\/quemsomos1-2.jpg\">\n\t\t\t\t\t<source media=\"(min-width: 768px)\" srcset=\"https:\/\/www.toporigor.pt\/wp-content\/uploads\/2021\/04\/quemsomos1-2.jpg\">\n\t\t\t\t\t<img decoding=\"async\" class=\"spectra-image-gallery__media-thumbnail spectra-image-gallery__media-thumbnail--grid\" src=\"https:\/\/www.toporigor.pt\/wp-content\/uploads\/2021\/04\/quemsomos1-2-300x258.jpg\" alt=\"\" loading=\"lazy\" \/>\n\t\t\t\t<\/picture>\n\t\t\t\t<div class=\"spectra-image-gallery__media-thumbnail-blurrer\"><\/div>\n\t\t\t\t\t\t\t\t\t\t\t<div class=\"spectra-image-gallery__media-thumbnail-caption-wrapper spectra-image-gallery__media-thumbnail-caption-wrapper--overlay\">\n\t\t\t\t\t\t\t\t\t\t\t<div class=\"spectra-image-gallery__media-thumbnail-caption spectra-image-gallery__media-thumbnail-caption--overlay\">\n\t\t\t\t\t\t\t\t\t<\/div>\n\t\t\t\t\t\t\t\t\t\t<\/div>\n\t\t\t\t\t\t\t\t\t<\/div>\n\t\t\t\t\t\t<\/div>\n\t\t\t\t\t\t\t\t\t\t<\/div>\n\t\t\t\t\t\t\t\t\t\t\t\t\t\t\t\t\t\t<\/div>\n\t\t\t\t\t\t\t\t\t\n\n\n<div style=\"height:100px\" aria-hidden=\"true\" class=\"wp-block-spacer\"><\/div>\n\n\n\n<div class=\"wp-block-group\"><div class=\"wp-block-group__inner-container is-layout-flow wp-block-group-is-layout-flow\">\n<h2 class=\"wp-block-heading has-text-align-center\">Vision<\/h2>\n<\/div><\/div>\n\n\n\n<p><strong>The passion and dedication of our team, highly focused on the continuous improvement of our responsiveness, have boosted the recognition of TopoRigor 3D Geosciences, in a market that demands quality.<\/strong><\/p>\n\n\n\n<p>A empresa tem como principal foco, o cont\u00ednuo desenvolvimento e a melhoria permanente da qualidade dos servi\u00e7os prestados, no prop\u00f3sito de melhor servir os seus clientes. Neste sentido, entende a TopoRigor, ser fundamental dar prioridade \u00e0 qualifica\u00e7\u00e3o dos seus quadros e \u00e0 constante renova\u00e7\u00e3o e atualiza\u00e7\u00e3o das tecnologias ao dispor do nosso corpo t\u00e9cnico.<\/p>\n\n\n\n<div class=\"wp-block-group\"><div class=\"wp-block-group__inner-container is-layout-flow wp-block-group-is-layout-flow\">\n<p>We true belief that working every day with great passion and dedication, having the commitment of our employees to the company\u2019s continuous, improvement having the right environment for creativity and innovation in processes, if we meet and exceed our customers expectations will lead the company to become a market reference in the geosciences market. It is our true belief that this will be able to keep our customers loyal, especially \"those who demand quality\".<\/p>\n\n\n\n<div style=\"height:60px\" aria-hidden=\"true\" class=\"wp-block-spacer\"><\/div>\n<\/div><\/div>\n\n\n<div class=\"alignwide-wrap\" data-block=\"group\">\n<div class=\"wp-block-group alignwide\"><div class=\"wp-block-group__inner-container is-layout-flow wp-block-group-is-layout-flow\"><div class=\"alignwide-wrap\" data-block=\"columns\">\n<div class=\"wp-block-columns alignwide has-2-columns\">\n<div class=\"wp-block-column is-vertically-aligned-top\">\n<h2 class=\"wp-block-heading has-text-align-center\">Today, we think TopoRigor in 3D:<\/h2>\n\n\n\n<h3 class=\"wp-block-heading has-text-align-center\">Surveying . Engineering . Design<\/h3>\n\n\n\n<p class=\"has-text-align-left has-color-header-headings-mod-color has-text-color\">This new vision allows us to offer a greater range of services to our customers, advancing further into the&nbsp;<strong>\"digital age\"<\/strong>&nbsp;supported by the latest technology in Massive and Three-Dimensional Data and High-Resolution Image acquisition, namely&nbsp;<strong>3D Laser Scanning (Fixed, Mobile Mapping and Air LIDAR)<\/strong>&nbsp;for acquisition of dense point clouds in three-dimensional space. The most recent aspect in this field are the&nbsp;<strong>UAV\/Drones<\/strong>, where multiple systems and sensors can be coupled to obtain data by Remote Sensing (LIDAR, High Resolution Aerial Image, Near Infrared, Thermal, between others).&nbsp;<\/p>\n\n\n\n<p class=\"has-color-header-headings-mod-color has-text-color\">These&nbsp;<strong>innovative mass data acquisition technologies<\/strong>, associated with high-precision surveying equipment and methods,&nbsp;<strong>enable us to \u201cBring the Reality to the Computer\u201d<\/strong> in the form of three-dimensional numerical models, with results of very high metric and pictorial quality. Of this association results in massive point clouds with the real color of any object.<\/p>\n\n\n\n<p class=\"has-color-header-headings-mod-color has-text-color\">All this technology, in association with the technical knowledge acquired over almost 30 years of activity and the help of powerful software, installed on graphics stations with large processing capacity,&nbsp;<strong>allow us to provide a total and rigorous integration of our services to our clients in the following areas: Geosciences, Engineering and Design.<\/strong><\/p>\n<\/div>\n<\/div>\n<\/div><\/div>\n<\/div><\/div>\n\n\n<div style=\"height:130px\" aria-hidden=\"true\" class=\"wp-block-spacer\"><\/div>\n\n\n\n<p><\/p>","protected":false},"excerpt":{"rendered":"<div class=\"entry-summary\">\n<div class=\"entry-summary\">\n<p><\/br>Dynamic 3D GeoServices<\/p>\n<\/div>\n<div class=\"link-more\"><a href=\"https:\/\/www.toporigor.pt\/en\/quem-somos\/\" class=\"more-link\">Continue reading<span class=\"screen-reader-text\"> &ldquo;Quem Somos&rdquo;<\/span>&hellip;<\/a><\/div>\n<\/div>\n<div class=\"link-more\"><a href=\"https:\/\/www.toporigor.pt\/en\/quem-somos\/\" class=\"more-link\">Continue reading<span class=\"screen-reader-text\"> &ldquo;Quem Somos&rdquo;<\/span>&hellip;<\/a><\/div>","protected":false},"author":1,"featured_media":0,"parent":0,"menu_order":0,"comment_status":"closed","ping_status":"closed","template":"","meta":{"_acf_changed":false,"_uag_custom_page_level_css":"","footnotes":""},"class_list":["post-17","page","type-page","status-publish","hentry","entry"],"acf":[],"yoast_head":"<!-- This site is optimized with the Yoast SEO plugin v27.6 - https:\/\/yoast.com\/product\/yoast-seo-wordpress\/ -->\n<title>Quem Somos &#8211; Toporigor 3D Geoci\u00eancias<\/title>\n<meta name=\"description\" content=\"Topografia . Engenharia . Projecto - Laser Scanning 3D &amp; Uav\/Drones. Solu\u00e7\u00f5es de Topografia, Engenharia Inversa e Modela\u00e7\u00e3o 3D ou BIM.\" \/>\n<meta name=\"robots\" content=\"index, follow, max-snippet:-1, max-image-preview:large, max-video-preview:-1\" \/>\n<link rel=\"canonical\" href=\"https:\/\/www.toporigor.pt\/en\/quem-somos\/\" \/>\n<meta property=\"og:locale\" content=\"en_GB\" \/>\n<meta property=\"og:type\" content=\"article\" \/>\n<meta property=\"og:title\" content=\"Quem Somos &#8211; Toporigor 3D Geoci\u00eancias\" \/>\n<meta property=\"og:description\" content=\"Topografia . Engenharia . Projecto - Laser Scanning 3D &amp; Uav\/Drones. Solu\u00e7\u00f5es de Topografia, Engenharia Inversa e Modela\u00e7\u00e3o 3D ou BIM.\" \/>\n<meta property=\"og:url\" content=\"https:\/\/www.toporigor.pt\/en\/quem-somos\/\" \/>\n<meta property=\"og:site_name\" content=\"Toporigor 3D Geoci\u00eancias\" \/>\n<meta property=\"article:publisher\" content=\"https:\/\/www.facebook.com\/laserscanning3D\" \/>\n<meta property=\"article:modified_time\" content=\"2026-01-01T22:03:39+00:00\" \/>\n<meta property=\"og:image\" content=\"https:\/\/www.toporigor.pt\/wp-content\/uploads\/2021\/04\/servicos.jpg\" \/>\n\t<meta property=\"og:image:width\" content=\"1920\" \/>\n\t<meta property=\"og:image:height\" content=\"270\" \/>\n\t<meta property=\"og:image:type\" content=\"image\/jpeg\" \/>\n<meta name=\"twitter:card\" content=\"summary_large_image\" \/>\n<meta name=\"twitter:label1\" content=\"Estimated reading time\" \/>\n\t<meta name=\"twitter:data1\" content=\"4 minutes\" \/>\n<script type=\"application\/ld+json\" class=\"yoast-schema-graph\">{\"@context\":\"https:\\\/\\\/schema.org\",\"@graph\":[{\"@type\":\"WebPage\",\"@id\":\"https:\\\/\\\/www.toporigor.pt\\\/quem-somos\\\/\",\"url\":\"https:\\\/\\\/www.toporigor.pt\\\/quem-somos\\\/\",\"name\":\"Quem Somos &#8211; Toporigor 3D Geoci\u00eancias\",\"isPartOf\":{\"@id\":\"https:\\\/\\\/www.toporigor.pt\\\/#website\"},\"primaryImageOfPage\":{\"@id\":\"https:\\\/\\\/www.toporigor.pt\\\/quem-somos\\\/#primaryimage\"},\"image\":{\"@id\":\"https:\\\/\\\/www.toporigor.pt\\\/quem-somos\\\/#primaryimage\"},\"thumbnailUrl\":\"https:\\\/\\\/www.toporigor.pt\\\/wp-content\\\/uploads\\\/2021\\\/04\\\/servicos-1024x144.jpg\",\"datePublished\":\"2021-02-12T10:24:19+00:00\",\"dateModified\":\"2026-01-01T22:03:39+00:00\",\"description\":\"Topografia . Engenharia . Projecto - Laser Scanning 3D & Uav\\\/Drones. Solu\u00e7\u00f5es de Topografia, Engenharia Inversa e Modela\u00e7\u00e3o 3D ou BIM.\",\"breadcrumb\":{\"@id\":\"https:\\\/\\\/www.toporigor.pt\\\/quem-somos\\\/#breadcrumb\"},\"inLanguage\":\"en-GB\",\"potentialAction\":[{\"@type\":\"ReadAction\",\"target\":[\"https:\\\/\\\/www.toporigor.pt\\\/quem-somos\\\/\"]}]},{\"@type\":\"ImageObject\",\"inLanguage\":\"en-GB\",\"@id\":\"https:\\\/\\\/www.toporigor.pt\\\/quem-somos\\\/#primaryimage\",\"url\":\"https:\\\/\\\/www.toporigor.pt\\\/wp-content\\\/uploads\\\/2021\\\/04\\\/servicos-1024x144.jpg\",\"contentUrl\":\"https:\\\/\\\/www.toporigor.pt\\\/wp-content\\\/uploads\\\/2021\\\/04\\\/servicos-1024x144.jpg\"},{\"@type\":\"BreadcrumbList\",\"@id\":\"https:\\\/\\\/www.toporigor.pt\\\/quem-somos\\\/#breadcrumb\",\"itemListElement\":[{\"@type\":\"ListItem\",\"position\":1,\"name\":\"In\u00edcio\",\"item\":\"https:\\\/\\\/www.toporigor.pt\\\/\"},{\"@type\":\"ListItem\",\"position\":2,\"name\":\"Quem Somos\"}]},{\"@type\":\"WebSite\",\"@id\":\"https:\\\/\\\/www.toporigor.pt\\\/#website\",\"url\":\"https:\\\/\\\/www.toporigor.pt\\\/\",\"name\":\"Toporigor 3D Geoci\u00eancias\",\"description\":\"Laser Scanning 3D, Geoci\u00eancias, Topografia, Engenharia, Projeto\",\"publisher\":{\"@id\":\"https:\\\/\\\/www.toporigor.pt\\\/#organization\"},\"potentialAction\":[{\"@type\":\"SearchAction\",\"target\":{\"@type\":\"EntryPoint\",\"urlTemplate\":\"https:\\\/\\\/www.toporigor.pt\\\/?s={search_term_string}\"},\"query-input\":{\"@type\":\"PropertyValueSpecification\",\"valueRequired\":true,\"valueName\":\"search_term_string\"}}],\"inLanguage\":\"en-GB\"},{\"@type\":\"Organization\",\"@id\":\"https:\\\/\\\/www.toporigor.pt\\\/#organization\",\"name\":\"TopoRigor 3D Geoci\u00eancias\",\"url\":\"https:\\\/\\\/www.toporigor.pt\\\/\",\"logo\":{\"@type\":\"ImageObject\",\"inLanguage\":\"en-GB\",\"@id\":\"https:\\\/\\\/www.toporigor.pt\\\/#\\\/schema\\\/logo\\\/image\\\/\",\"url\":\"https:\\\/\\\/i0.wp.com\\\/www.toporigor.pt\\\/wp-content\\\/uploads\\\/2021\\\/03\\\/logo-Toporigor2-02.png?fit=398%2C122&ssl=1\",\"contentUrl\":\"https:\\\/\\\/i0.wp.com\\\/www.toporigor.pt\\\/wp-content\\\/uploads\\\/2021\\\/03\\\/logo-Toporigor2-02.png?fit=398%2C122&ssl=1\",\"width\":398,\"height\":122,\"caption\":\"TopoRigor 3D Geoci\u00eancias\"},\"image\":{\"@id\":\"https:\\\/\\\/www.toporigor.pt\\\/#\\\/schema\\\/logo\\\/image\\\/\"},\"sameAs\":[\"https:\\\/\\\/www.facebook.com\\\/laserscanning3D\",\"https:\\\/\\\/www.linkedin.com\\\/in\\\/toporigor-paulopereira\\\/\"]}]}<\/script>\n<!-- \/ Yoast SEO plugin. -->","yoast_head_json":{"title":"Quem Somos &#8211; Toporigor 3D Geoci\u00eancias","description":"Topografia . Engenharia . Projecto - Laser Scanning 3D & Uav\/Drones. Solu\u00e7\u00f5es de Topografia, Engenharia Inversa e Modela\u00e7\u00e3o 3D ou BIM.","robots":{"index":"index","follow":"follow","max-snippet":"max-snippet:-1","max-image-preview":"max-image-preview:large","max-video-preview":"max-video-preview:-1"},"canonical":"https:\/\/www.toporigor.pt\/en\/quem-somos\/","og_locale":"en_GB","og_type":"article","og_title":"Quem Somos &#8211; Toporigor 3D Geoci\u00eancias","og_description":"Topografia . Engenharia . Projecto - Laser Scanning 3D & Uav\/Drones. Solu\u00e7\u00f5es de Topografia, Engenharia Inversa e Modela\u00e7\u00e3o 3D ou BIM.","og_url":"https:\/\/www.toporigor.pt\/en\/quem-somos\/","og_site_name":"Toporigor 3D Geoci\u00eancias","article_publisher":"https:\/\/www.facebook.com\/laserscanning3D","article_modified_time":"2026-01-01T22:03:39+00:00","og_image":[{"width":1920,"height":270,"url":"https:\/\/www.toporigor.pt\/wp-content\/uploads\/2021\/04\/servicos.jpg","type":"image\/jpeg"}],"twitter_card":"summary_large_image","twitter_misc":{"Estimated reading time":"4 minutes"},"schema":{"@context":"https:\/\/schema.org","@graph":[{"@type":"WebPage","@id":"https:\/\/www.toporigor.pt\/quem-somos\/","url":"https:\/\/www.toporigor.pt\/quem-somos\/","name":"Quem Somos &#8211; Toporigor 3D Geoci\u00eancias","isPartOf":{"@id":"https:\/\/www.toporigor.pt\/#website"},"primaryImageOfPage":{"@id":"https:\/\/www.toporigor.pt\/quem-somos\/#primaryimage"},"image":{"@id":"https:\/\/www.toporigor.pt\/quem-somos\/#primaryimage"},"thumbnailUrl":"https:\/\/www.toporigor.pt\/wp-content\/uploads\/2021\/04\/servicos-1024x144.jpg","datePublished":"2021-02-12T10:24:19+00:00","dateModified":"2026-01-01T22:03:39+00:00","description":"Topografia . Engenharia . Projecto - Laser Scanning 3D & Uav\/Drones. Solu\u00e7\u00f5es de Topografia, Engenharia Inversa e Modela\u00e7\u00e3o 3D ou BIM.","breadcrumb":{"@id":"https:\/\/www.toporigor.pt\/quem-somos\/#breadcrumb"},"inLanguage":"en-GB","potentialAction":[{"@type":"ReadAction","target":["https:\/\/www.toporigor.pt\/quem-somos\/"]}]},{"@type":"ImageObject","inLanguage":"en-GB","@id":"https:\/\/www.toporigor.pt\/quem-somos\/#primaryimage","url":"https:\/\/www.toporigor.pt\/wp-content\/uploads\/2021\/04\/servicos-1024x144.jpg","contentUrl":"https:\/\/www.toporigor.pt\/wp-content\/uploads\/2021\/04\/servicos-1024x144.jpg"},{"@type":"BreadcrumbList","@id":"https:\/\/www.toporigor.pt\/quem-somos\/#breadcrumb","itemListElement":[{"@type":"ListItem","position":1,"name":"In\u00edcio","item":"https:\/\/www.toporigor.pt\/"},{"@type":"ListItem","position":2,"name":"Quem Somos"}]},{"@type":"WebSite","@id":"https:\/\/www.toporigor.pt\/#website","url":"https:\/\/www.toporigor.pt\/","name":"Toporigor 3D Geoci\u00eancias","description":"Laser Scanning 3D, Geoci\u00eancias, Topografia, Engenharia, Projeto","publisher":{"@id":"https:\/\/www.toporigor.pt\/#organization"},"potentialAction":[{"@type":"SearchAction","target":{"@type":"EntryPoint","urlTemplate":"https:\/\/www.toporigor.pt\/?s={search_term_string}"},"query-input":{"@type":"PropertyValueSpecification","valueRequired":true,"valueName":"search_term_string"}}],"inLanguage":"en-GB"},{"@type":"Organization","@id":"https:\/\/www.toporigor.pt\/#organization","name":"TopoRigor 3D Geoci\u00eancias","url":"https:\/\/www.toporigor.pt\/","logo":{"@type":"ImageObject","inLanguage":"en-GB","@id":"https:\/\/www.toporigor.pt\/#\/schema\/logo\/image\/","url":"https:\/\/i0.wp.com\/www.toporigor.pt\/wp-content\/uploads\/2021\/03\/logo-Toporigor2-02.png?fit=398%2C122&ssl=1","contentUrl":"https:\/\/i0.wp.com\/www.toporigor.pt\/wp-content\/uploads\/2021\/03\/logo-Toporigor2-02.png?fit=398%2C122&ssl=1","width":398,"height":122,"caption":"TopoRigor 3D Geoci\u00eancias"},"image":{"@id":"https:\/\/www.toporigor.pt\/#\/schema\/logo\/image\/"},"sameAs":["https:\/\/www.facebook.com\/laserscanning3D","https:\/\/www.linkedin.com\/in\/toporigor-paulopereira\/"]}]}},"uagb_featured_image_src":{"full":false,"thumbnail":false,"medium":false,"medium_large":false,"large":false,"1536x1536":false,"2048x2048":false,"trp-custom-language-flag":false,"reykjavik-intro":false},"uagb_author_info":{"display_name":"invisiblepgt","author_link":"https:\/\/www.toporigor.pt\/en\/author\/invisiblepgt\/"},"uagb_comment_info":0,"uagb_excerpt":"Dynamic 3D GeoServices Continue reading &ldquo;Quem Somos&rdquo;&hellip;","_links":{"self":[{"href":"https:\/\/www.toporigor.pt\/en\/wp-json\/wp\/v2\/pages\/17","targetHints":{"allow":["GET"]}}],"collection":[{"href":"https:\/\/www.toporigor.pt\/en\/wp-json\/wp\/v2\/pages"}],"about":[{"href":"https:\/\/www.toporigor.pt\/en\/wp-json\/wp\/v2\/types\/page"}],"author":[{"embeddable":true,"href":"https:\/\/www.toporigor.pt\/en\/wp-json\/wp\/v2\/users\/1"}],"replies":[{"embeddable":true,"href":"https:\/\/www.toporigor.pt\/en\/wp-json\/wp\/v2\/comments?post=17"}],"version-history":[{"count":36,"href":"https:\/\/www.toporigor.pt\/en\/wp-json\/wp\/v2\/pages\/17\/revisions"}],"predecessor-version":[{"id":2697,"href":"https:\/\/www.toporigor.pt\/en\/wp-json\/wp\/v2\/pages\/17\/revisions\/2697"}],"wp:attachment":[{"href":"https:\/\/www.toporigor.pt\/en\/wp-json\/wp\/v2\/media?parent=17"}],"curies":[{"name":"wp","href":"https:\/\/api.w.org\/{rel}","templated":true}]}}