{"id":1591,"date":"2022-01-12T20:26:33","date_gmt":"2022-01-12T20:26:33","guid":{"rendered":"https:\/\/www.toporigor.pt\/?page_id=1591"},"modified":"2024-09-04T07:45:57","modified_gmt":"2024-09-04T07:45:57","slug":"faq-questoes-frequentes","status":"publish","type":"page","link":"https:\/\/www.toporigor.pt\/en\/faq-questoes-frequentes\/","title":{"rendered":"FAQ"},"content":{"rendered":"<div class=\"wp-block-group alignfull is-style-default has-color-header-text-mod-background-color has-text-color has-background\" style=\"color:#ffffff;padding-top:100px;padding-right:100px;padding-bottom:100px;padding-left:100px\"><div class=\"wp-block-group__inner-container is-layout-flow wp-block-group-is-layout-flow\">\n<div class=\"wp-block-query is-layout-flow wp-block-query-is-layout-flow\">\n<div class=\"wp-block-uagb-advanced-heading uagb-block-610d128a\"><h2 class=\"uagb-heading-text\">Frequent Questions<\/h2><p class=\"uagb-desc-text\">TopoRigor presents some of the usual clarifications to frequently asked questions on topics or techniques related to our area of activity.<br><br><\/p><\/div>\n\n\n\n<div class=\"wp-block-columns\">\n<div class=\"wp-block-column\" style=\"flex-basis:100%\"><ul class=\"wp-block-post-template is-layout-flow wp-block-post-template-is-layout-flow\"><li class=\"wp-block-post post-1905 post type-post status-publish format-standard hentry category-faq tag-arquitetura tag-bim tag-cenarios-virtuais tag-construcao tag-engenharia tag-laser-scanner-3d tag-laser-scanning tag-modelacao-3d tag-nuvens-de-pontos tag-topografia tag-topografo entry\">\n<div class=\"alignwide-wrap\" data-block=\"separator\">\n<hr class=\"wp-block-separator has-text-color has-css-opacity has-background alignwide is-style-wide\" style=\"background-color:#ffffff;color:#ffffff\"\/>\n<\/div>\n\n<div class=\"alignwide-wrap\" data-block=\"columns\">\n<div class=\"wp-block-columns alignwide are-vertically-aligned-center\">\n<div class=\"wp-block-column is-vertically-aligned-center\" style=\"flex-basis:80%\"><h2 style=\"color:#ffffff; font-size:40px;line-height:1.1;\" class=\"has-text-align-center wp-block-post-title has-text-color\"><a href=\"https:\/\/www.toporigor.pt\/en\/bim\/\" target=\"_self\" >What is BIM?<\/a><\/h2><\/div>\n<\/div>\n<\/div>\n\n\n<div class=\"wp-block-columns\">\n<div class=\"wp-block-column\"><\/div>\n<\/div>\n\n<\/li><li class=\"wp-block-post post-1903 post type-post status-publish format-standard hentry category-faq tag-arquitetura tag-cenarios-virtuais tag-construcao tag-engenharia tag-laser-scanner-3d tag-laser-scanning tag-modelacao-3d tag-nuvens-de-pontos tag-topografia tag-topografo entry\">\n<div class=\"alignwide-wrap\" data-block=\"separator\">\n<hr class=\"wp-block-separator has-text-color has-css-opacity has-background alignwide is-style-wide\" style=\"background-color:#ffffff;color:#ffffff\"\/>\n<\/div>\n\n<div class=\"alignwide-wrap\" data-block=\"columns\">\n<div class=\"wp-block-columns alignwide are-vertically-aligned-center\">\n<div class=\"wp-block-column is-vertically-aligned-center\" style=\"flex-basis:80%\"><h2 style=\"color:#ffffff; font-size:40px;line-height:1.1;\" class=\"has-text-align-center wp-block-post-title has-text-color\"><a href=\"https:\/\/www.toporigor.pt\/en\/modelacao-3d\/\" target=\"_self\" >What is 3D Modeling?<\/a><\/h2><\/div>\n<\/div>\n<\/div>\n\n\n<div class=\"wp-block-columns\">\n<div class=\"wp-block-column\"><\/div>\n<\/div>\n\n<\/li><li class=\"wp-block-post post-1899 post type-post status-publish format-standard hentry category-faq tag-laser-imaging-detection-and-ranging tag-laser-scanner-3d tag-laser-scanning tag-lidar tag-light-detection-and-ranging tag-nuvens-de-pontos tag-topografia tag-topografo tag-valor-rgb entry\">\n<div class=\"alignwide-wrap\" data-block=\"separator\">\n<hr class=\"wp-block-separator has-text-color has-css-opacity has-background alignwide is-style-wide\" style=\"background-color:#ffffff;color:#ffffff\"\/>\n<\/div>\n\n<div class=\"alignwide-wrap\" data-block=\"columns\">\n<div class=\"wp-block-columns alignwide are-vertically-aligned-center\">\n<div class=\"wp-block-column is-vertically-aligned-center\" style=\"flex-basis:80%\"><h2 style=\"color:#ffffff; font-size:40px;line-height:1.1;\" class=\"has-text-align-center wp-block-post-title has-text-color\"><a href=\"https:\/\/www.toporigor.pt\/en\/lidar\/\" target=\"_self\" >O que \u00e9 o Levantamento por LIDAR (Light Detection And Ranging)?<\/a><\/h2><\/div>\n<\/div>\n<\/div>\n\n\n<div class=\"wp-block-columns\">\n<div class=\"wp-block-column\"><\/div>\n<\/div>\n\n<\/li><li class=\"wp-block-post post-1895 post type-post status-publish format-standard has-post-thumbnail hentry category-faq tag-aerofotogrametria tag-bim tag-laser-scanner-3d tag-laser-scanning tag-lidar tag-nuvens-de-pontos tag-ortofotomapas tag-topografia tag-topografo tag-uav-drone tag-veiculo-aereo-nao-tripulado entry\">\n<div class=\"alignwide-wrap\" data-block=\"separator\">\n<hr class=\"wp-block-separator has-text-color has-css-opacity has-background alignwide is-style-wide\" style=\"background-color:#ffffff;color:#ffffff\"\/>\n<\/div>\n\n<div class=\"alignwide-wrap\" data-block=\"columns\">\n<div class=\"wp-block-columns alignwide are-vertically-aligned-center\">\n<div class=\"wp-block-column is-vertically-aligned-center\" style=\"flex-basis:80%\"><h2 style=\"color:#ffffff; font-size:40px;line-height:1.1;\" class=\"has-text-align-center wp-block-post-title has-text-color\"><a href=\"https:\/\/www.toporigor.pt\/en\/topografia-com-drones\/\" target=\"_self\" >Topografia com recurso a UAV\/Drone<\/a><\/h2><\/div>\n<\/div>\n<\/div>\n\n\n<div class=\"wp-block-columns\">\n<div class=\"wp-block-column\"><\/div>\n<\/div>\n\n<\/li><li class=\"wp-block-post post-1721 post type-post status-publish format-standard hentry category-faq tag-arquitetonico tag-bim tag-laser-scanner-3d tag-laser-scanning tag-levantamento tag-nuvens-de-pontos tag-topografia tag-topografo tag-toporigor tag-varrimento-laser entry\">\n<div class=\"alignwide-wrap\" data-block=\"separator\">\n<hr class=\"wp-block-separator has-text-color has-css-opacity has-background alignwide is-style-wide\" style=\"background-color:#ffffff;color:#ffffff\"\/>\n<\/div>\n\n<div class=\"alignwide-wrap\" data-block=\"columns\">\n<div class=\"wp-block-columns alignwide are-vertically-aligned-center\">\n<div class=\"wp-block-column is-vertically-aligned-center\" style=\"flex-basis:80%\"><h2 style=\"color:#ffffff; font-size:40px;line-height:1.1;\" class=\"has-text-align-center wp-block-post-title has-text-color\"><a href=\"https:\/\/www.toporigor.pt\/en\/laser-scanner\/\" target=\"_self\" >What is a Laser Scanner?<\/a><\/h2><\/div>\n<\/div>\n<\/div>\n\n\n<div class=\"wp-block-columns\">\n<div class=\"wp-block-column\"><\/div>\n<\/div>\n\n<\/li><li class=\"wp-block-post post-1716 post type-post status-publish format-standard hentry category-faq tag-alcados tag-bim tag-cortes tag-fotogrametria tag-laser-scanner-3d tag-laser-scanning-3d tag-levantamento tag-levantamento-arquitetonico tag-modelacao-3d tag-plantas tag-topografia tag-topografo tag-toporigor entry\">\n<div class=\"alignwide-wrap\" data-block=\"separator\">\n<hr class=\"wp-block-separator has-text-color has-css-opacity has-background alignwide is-style-wide\" style=\"background-color:#ffffff;color:#ffffff\"\/>\n<\/div>\n\n<div class=\"alignwide-wrap\" data-block=\"columns\">\n<div class=\"wp-block-columns alignwide are-vertically-aligned-center\">\n<div class=\"wp-block-column is-vertically-aligned-center\" style=\"flex-basis:80%\"><h2 style=\"color:#ffffff; font-size:40px;line-height:1.1;\" class=\"has-text-align-center wp-block-post-title has-text-color\"><a href=\"https:\/\/www.toporigor.pt\/en\/o-que-e-um-levantamento-arquitetonico\/\" target=\"_self\" >What is an Architectural Survey?<\/a><\/h2><\/div>\n<\/div>\n<\/div>\n\n\n<div class=\"wp-block-columns\">\n<div class=\"wp-block-column\"><\/div>\n<\/div>\n\n<\/li><li class=\"wp-block-post post-1714 post type-post status-publish format-standard hentry category-faq tag-cadastro tag-cadastro-geometrico-da-propriedade-rustica tag-cgpr tag-d-g-t tag-direcao-geral-do-territorio tag-registo-territorial tag-topografia tag-topografo entry\">\n<div class=\"alignwide-wrap\" data-block=\"separator\">\n<hr class=\"wp-block-separator has-text-color has-css-opacity has-background alignwide is-style-wide\" style=\"background-color:#ffffff;color:#ffffff\"\/>\n<\/div>\n\n<div class=\"alignwide-wrap\" data-block=\"columns\">\n<div class=\"wp-block-columns alignwide are-vertically-aligned-center\">\n<div class=\"wp-block-column is-vertically-aligned-center\" style=\"flex-basis:80%\"><h2 style=\"color:#ffffff; font-size:40px;line-height:1.1;\" class=\"has-text-align-center wp-block-post-title has-text-color\"><a href=\"https:\/\/www.toporigor.pt\/en\/cadastro\/\" target=\"_self\" >T\u00e9cnico de Cadastro Predial<\/a><\/h2><\/div>\n<\/div>\n<\/div>\n\n\n<div class=\"wp-block-columns\">\n<div class=\"wp-block-column\"><\/div>\n<\/div>\n\n<\/li><li class=\"wp-block-post post-1712 post type-post status-publish format-standard hentry category-faq tag-cartas tag-cartografia tag-cartografia-topografica tag-direcao-geral-do-territorio tag-fotografia-digital tag-lidar tag-mapas tag-plantas tag-superficie-terrestre tag-topografia tag-topografo entry\">\n<div class=\"alignwide-wrap\" data-block=\"separator\">\n<hr class=\"wp-block-separator has-text-color has-css-opacity has-background alignwide is-style-wide\" style=\"background-color:#ffffff;color:#ffffff\"\/>\n<\/div>\n\n<div class=\"alignwide-wrap\" data-block=\"columns\">\n<div class=\"wp-block-columns alignwide are-vertically-aligned-center\">\n<div class=\"wp-block-column is-vertically-aligned-center\" style=\"flex-basis:80%\"><h2 style=\"color:#ffffff; font-size:40px;line-height:1.1;\" class=\"has-text-align-center wp-block-post-title has-text-color\"><a href=\"https:\/\/www.toporigor.pt\/en\/cartografia\/\" target=\"_self\" >What is Cartography?<\/a><\/h2><\/div>\n<\/div>\n<\/div>\n\n\n<div class=\"wp-block-columns\">\n<div class=\"wp-block-column\"><\/div>\n<\/div>\n\n<\/li><li class=\"wp-block-post post-1710 post type-post status-publish format-standard hentry category-faq tag-bim tag-coordenadas-geodesicas tag-coordenadas-geograficas tag-laser-scanner-3d tag-levantamento-topografico tag-plani-altimetrico tag-topografia tag-topografico tag-topografo tag-uav-drone entry\">\n<div class=\"alignwide-wrap\" data-block=\"separator\">\n<hr class=\"wp-block-separator has-text-color has-css-opacity has-background alignwide is-style-wide\" style=\"background-color:#ffffff;color:#ffffff\"\/>\n<\/div>\n\n<div class=\"alignwide-wrap\" data-block=\"columns\">\n<div class=\"wp-block-columns alignwide are-vertically-aligned-center\">\n<div class=\"wp-block-column is-vertically-aligned-center\" style=\"flex-basis:80%\"><h2 style=\"color:#ffffff; font-size:40px;line-height:1.1;\" class=\"has-text-align-center wp-block-post-title has-text-color\"><a href=\"https:\/\/www.toporigor.pt\/en\/levantamento-topografico\/\" target=\"_self\" >What is a Topographic Survey?<\/a><\/h2><\/div>\n<\/div>\n<\/div>\n\n\n<div class=\"wp-block-columns\">\n<div class=\"wp-block-column\"><\/div>\n<\/div>\n\n<\/li><li class=\"wp-block-post post-1707 post type-post status-publish format-standard hentry category-faq tag-bim tag-engenheiro-topografo-2 tag-fotogrametria tag-gnss tag-laser-scanner-3d tag-levantamento tag-levantamento-arquitetonico tag-levantamento-topografico tag-lidar tag-topografia tag-topografo entry\">\n<div class=\"alignwide-wrap\" data-block=\"separator\">\n<hr class=\"wp-block-separator has-text-color has-css-opacity has-background alignwide is-style-wide\" style=\"background-color:#ffffff;color:#ffffff\"\/>\n<\/div>\n\n<div class=\"alignwide-wrap\" data-block=\"columns\">\n<div class=\"wp-block-columns alignwide are-vertically-aligned-center\">\n<div class=\"wp-block-column is-vertically-aligned-center\" style=\"flex-basis:80%\"><h2 style=\"color:#ffffff; font-size:40px;line-height:1.1;\" class=\"has-text-align-center wp-block-post-title has-text-color\"><a href=\"https:\/\/www.toporigor.pt\/en\/engenheiro-topografo\/\" target=\"_self\" >What does a Surveying Engineer do?<\/a><\/h2><\/div>\n<\/div>\n<\/div>\n\n\n<div class=\"wp-block-columns\">\n<div class=\"wp-block-column\"><\/div>\n<\/div>\n\n<\/li><li class=\"wp-block-post post-1696 post type-post status-publish format-standard hentry category-faq tag-coordenadas-geodesicas tag-coordenadas-geograficas tag-georreferenciacao tag-sig tag-superficie-terrestre tag-topografia tag-topografo entry\">\n<div class=\"alignwide-wrap\" data-block=\"separator\">\n<hr class=\"wp-block-separator has-text-color has-css-opacity has-background alignwide is-style-wide\" style=\"background-color:#ffffff;color:#ffffff\"\/>\n<\/div>\n\n<div class=\"alignwide-wrap\" data-block=\"columns\">\n<div class=\"wp-block-columns alignwide are-vertically-aligned-center\">\n<div class=\"wp-block-column is-vertically-aligned-center\" style=\"flex-basis:80%\"><h2 style=\"color:#ffffff; font-size:40px;line-height:1.1;\" class=\"has-text-align-center wp-block-post-title has-text-color\"><a href=\"https:\/\/www.toporigor.pt\/en\/georreferenciacao\/\" target=\"_self\" >What is Georeferencing?<\/a><\/h2><\/div>\n<\/div>\n<\/div>\n\n\n<div class=\"wp-block-columns\">\n<div class=\"wp-block-column\"><\/div>\n<\/div>\n\n<\/li><li class=\"wp-block-post post-1587 post type-post status-publish format-standard hentry category-faq tag-arquitetura tag-digitalizacao-espacial tag-engenharia tag-fotogrametria tag-laser-scanner-3d tag-levantamento-topografico tag-topografia tag-topografo entry\">\n<div class=\"alignwide-wrap\" data-block=\"separator\">\n<hr class=\"wp-block-separator has-text-color has-css-opacity has-background alignwide is-style-wide\" style=\"background-color:#ffffff;color:#ffffff\"\/>\n<\/div>\n\n<div class=\"alignwide-wrap\" data-block=\"columns\">\n<div class=\"wp-block-columns alignwide are-vertically-aligned-center\">\n<div class=\"wp-block-column is-vertically-aligned-center\" style=\"flex-basis:80%\"><h2 style=\"color:#ffffff; font-size:40px;line-height:1.1;\" class=\"has-text-align-center wp-block-post-title has-text-color\"><a href=\"https:\/\/www.toporigor.pt\/en\/topografia\/\" target=\"_self\" >What is Topography?<\/a><\/h2><\/div>\n<\/div>\n<\/div>\n\n\n<div class=\"wp-block-columns\">\n<div class=\"wp-block-column\"><\/div>\n<\/div>\n\n<\/li><\/ul><\/div>\n<\/div>\n<\/div>\n<\/div><\/div>\n\n\n\n<div style=\"height:100px\" aria-hidden=\"true\" class=\"wp-block-spacer\"><\/div>\n\n\n\n<div class=\"wp-block-group alignfull has-color-header-headings-mod-background-color has-background\"><div class=\"wp-block-group__inner-container is-layout-flow wp-block-group-is-layout-flow\">\n<div style=\"height:10px\" aria-hidden=\"true\" class=\"wp-block-spacer\"><\/div>\n\n\n\n<h2 class=\"has-text-align-center has-text-color wp-block-heading\" style=\"color:#ffffff\">Ask us your question<\/h2>\n\n\n\n<p class=\"has-text-align-center has-text-color\" style=\"color:#ffffff\">We will be happy to clarify<\/p>\n\n\n\n<div class=\"wp-block-buttons is-horizontal is-content-justification-center is-layout-flex wp-container-core-buttons-is-layout-03627597 wp-block-buttons-is-layout-flex\">\n<div class=\"wp-block-button has-custom-font-size is-style-fill has-normal-font-size\"><a class=\"wp-block-button__link has-color-intro-widgets-background-mod-color has-color-accent-mod-background-color has-text-color has-background wp-element-button\" href=\"https:\/\/www.toporigor.pt\/en\/contacto\/\" target=\"_blank\" rel=\"noreferrer noopener\">Contact us<\/a><\/div>\n<\/div>\n\n\n\n<div style=\"height:20px\" aria-hidden=\"true\" class=\"wp-block-spacer\"><\/div>\n<\/div><\/div>\n\n\n\n<div style=\"height:100px\" aria-hidden=\"true\" class=\"wp-block-spacer\"><\/div>","protected":false},"excerpt":{"rendered":"<div class=\"entry-summary\">\n<div class=\"entry-summary\">\nColoque-nos a sua quest\u00e3o Temos todo gosto em esclarecer\n<\/div>\n<div class=\"link-more\"><a href=\"https:\/\/www.toporigor.pt\/en\/faq-questoes-frequentes\/\" class=\"more-link\">Continue reading<span class=\"screen-reader-text\"> &ldquo;FAQ&rdquo;<\/span>&hellip;<\/a><\/div>\n<\/div>\n<div class=\"link-more\"><a href=\"https:\/\/www.toporigor.pt\/en\/faq-questoes-frequentes\/\" class=\"more-link\">Continue reading<span class=\"screen-reader-text\"> &ldquo;FAQ&rdquo;<\/span>&hellip;<\/a><\/div>","protected":false},"author":1,"featured_media":0,"parent":0,"menu_order":0,"comment_status":"closed","ping_status":"closed","template":"","meta":{"_acf_changed":false,"_uag_custom_page_level_css":"","footnotes":""},"class_list":["post-1591","page","type-page","status-publish","hentry","entry"],"acf":[],"yoast_head":"<!-- This site is optimized with the Yoast SEO plugin v27.5 - https:\/\/yoast.com\/product\/yoast-seo-wordpress\/ -->\n<title>FAQ &#8211; TopoRigor 3D Geoci\u00eancias<\/title>\n<meta name=\"description\" content=\"Esclarecimentos de duvidas ou quest\u00f5es frequentes sobre as \u00e1reas da engenharia topogr\u00e1fica, para melhor entendimento dos servi\u00e7os.\" \/>\n<meta name=\"robots\" content=\"index, follow, max-snippet:-1, max-image-preview:large, max-video-preview:-1\" \/>\n<link rel=\"canonical\" href=\"https:\/\/www.toporigor.pt\/en\/faq-questoes-frequentes\/\" \/>\n<meta property=\"og:locale\" content=\"en_GB\" \/>\n<meta property=\"og:type\" content=\"article\" \/>\n<meta property=\"og:title\" content=\"FAQ &#8211; TopoRigor 3D Geoci\u00eancias\" \/>\n<meta property=\"og:description\" content=\"Esclarecimentos de duvidas ou quest\u00f5es frequentes sobre as \u00e1reas da engenharia topogr\u00e1fica, para melhor entendimento dos servi\u00e7os.\" \/>\n<meta property=\"og:url\" content=\"https:\/\/www.toporigor.pt\/en\/faq-questoes-frequentes\/\" \/>\n<meta property=\"og:site_name\" content=\"Toporigor 3D Geoci\u00eancias\" \/>\n<meta property=\"article:publisher\" content=\"https:\/\/www.facebook.com\/laserscanning3D\" \/>\n<meta property=\"article:modified_time\" content=\"2024-09-04T07:45:57+00:00\" \/>\n<meta name=\"twitter:card\" content=\"summary_large_image\" \/>\n<meta name=\"twitter:label1\" content=\"Estimated reading time\" \/>\n\t<meta name=\"twitter:data1\" content=\"1 minute\" \/>\n<script type=\"application\/ld+json\" class=\"yoast-schema-graph\">{\"@context\":\"https:\\\/\\\/schema.org\",\"@graph\":[{\"@type\":\"WebPage\",\"@id\":\"https:\\\/\\\/www.toporigor.pt\\\/faq-questoes-frequentes\\\/\",\"url\":\"https:\\\/\\\/www.toporigor.pt\\\/faq-questoes-frequentes\\\/\",\"name\":\"FAQ &#8211; TopoRigor 3D Geoci\u00eancias\",\"isPartOf\":{\"@id\":\"https:\\\/\\\/www.toporigor.pt\\\/#website\"},\"datePublished\":\"2022-01-12T20:26:33+00:00\",\"dateModified\":\"2024-09-04T07:45:57+00:00\",\"description\":\"Esclarecimentos de duvidas ou quest\u00f5es frequentes sobre as \u00e1reas da engenharia topogr\u00e1fica, para melhor entendimento dos servi\u00e7os.\",\"breadcrumb\":{\"@id\":\"https:\\\/\\\/www.toporigor.pt\\\/faq-questoes-frequentes\\\/#breadcrumb\"},\"inLanguage\":\"en-GB\",\"potentialAction\":[{\"@type\":\"ReadAction\",\"target\":[\"https:\\\/\\\/www.toporigor.pt\\\/faq-questoes-frequentes\\\/\"]}]},{\"@type\":\"BreadcrumbList\",\"@id\":\"https:\\\/\\\/www.toporigor.pt\\\/faq-questoes-frequentes\\\/#breadcrumb\",\"itemListElement\":[{\"@type\":\"ListItem\",\"position\":1,\"name\":\"In\u00edcio\",\"item\":\"https:\\\/\\\/www.toporigor.pt\\\/\"},{\"@type\":\"ListItem\",\"position\":2,\"name\":\"FAQ\"}]},{\"@type\":\"WebSite\",\"@id\":\"https:\\\/\\\/www.toporigor.pt\\\/#website\",\"url\":\"https:\\\/\\\/www.toporigor.pt\\\/\",\"name\":\"Toporigor 3D Geoci\u00eancias\",\"description\":\"Laser Scanning 3D, Geoci\u00eancias, Topografia, Engenharia, Projeto\",\"publisher\":{\"@id\":\"https:\\\/\\\/www.toporigor.pt\\\/#organization\"},\"potentialAction\":[{\"@type\":\"SearchAction\",\"target\":{\"@type\":\"EntryPoint\",\"urlTemplate\":\"https:\\\/\\\/www.toporigor.pt\\\/?s={search_term_string}\"},\"query-input\":{\"@type\":\"PropertyValueSpecification\",\"valueRequired\":true,\"valueName\":\"search_term_string\"}}],\"inLanguage\":\"en-GB\"},{\"@type\":\"Organization\",\"@id\":\"https:\\\/\\\/www.toporigor.pt\\\/#organization\",\"name\":\"TopoRigor 3D Geoci\u00eancias\",\"url\":\"https:\\\/\\\/www.toporigor.pt\\\/\",\"logo\":{\"@type\":\"ImageObject\",\"inLanguage\":\"en-GB\",\"@id\":\"https:\\\/\\\/www.toporigor.pt\\\/#\\\/schema\\\/logo\\\/image\\\/\",\"url\":\"https:\\\/\\\/i0.wp.com\\\/www.toporigor.pt\\\/wp-content\\\/uploads\\\/2021\\\/03\\\/logo-Toporigor2-02.png?fit=398%2C122&ssl=1\",\"contentUrl\":\"https:\\\/\\\/i0.wp.com\\\/www.toporigor.pt\\\/wp-content\\\/uploads\\\/2021\\\/03\\\/logo-Toporigor2-02.png?fit=398%2C122&ssl=1\",\"width\":398,\"height\":122,\"caption\":\"TopoRigor 3D Geoci\u00eancias\"},\"image\":{\"@id\":\"https:\\\/\\\/www.toporigor.pt\\\/#\\\/schema\\\/logo\\\/image\\\/\"},\"sameAs\":[\"https:\\\/\\\/www.facebook.com\\\/laserscanning3D\",\"https:\\\/\\\/www.linkedin.com\\\/in\\\/toporigor-paulopereira\\\/\"]}]}<\/script>\n<!-- \/ Yoast SEO plugin. -->","yoast_head_json":{"title":"FAQ &#8211; TopoRigor 3D Geoci\u00eancias","description":"Esclarecimentos de duvidas ou quest\u00f5es frequentes sobre as \u00e1reas da engenharia topogr\u00e1fica, para melhor entendimento dos servi\u00e7os.","robots":{"index":"index","follow":"follow","max-snippet":"max-snippet:-1","max-image-preview":"max-image-preview:large","max-video-preview":"max-video-preview:-1"},"canonical":"https:\/\/www.toporigor.pt\/en\/faq-questoes-frequentes\/","og_locale":"en_GB","og_type":"article","og_title":"FAQ &#8211; TopoRigor 3D Geoci\u00eancias","og_description":"Esclarecimentos de duvidas ou quest\u00f5es frequentes sobre as \u00e1reas da engenharia topogr\u00e1fica, para melhor entendimento dos servi\u00e7os.","og_url":"https:\/\/www.toporigor.pt\/en\/faq-questoes-frequentes\/","og_site_name":"Toporigor 3D Geoci\u00eancias","article_publisher":"https:\/\/www.facebook.com\/laserscanning3D","article_modified_time":"2024-09-04T07:45:57+00:00","twitter_card":"summary_large_image","twitter_misc":{"Estimated reading time":"1 minute"},"schema":{"@context":"https:\/\/schema.org","@graph":[{"@type":"WebPage","@id":"https:\/\/www.toporigor.pt\/faq-questoes-frequentes\/","url":"https:\/\/www.toporigor.pt\/faq-questoes-frequentes\/","name":"FAQ &#8211; TopoRigor 3D Geoci\u00eancias","isPartOf":{"@id":"https:\/\/www.toporigor.pt\/#website"},"datePublished":"2022-01-12T20:26:33+00:00","dateModified":"2024-09-04T07:45:57+00:00","description":"Esclarecimentos de duvidas ou quest\u00f5es frequentes sobre as \u00e1reas da engenharia topogr\u00e1fica, para melhor entendimento dos servi\u00e7os.","breadcrumb":{"@id":"https:\/\/www.toporigor.pt\/faq-questoes-frequentes\/#breadcrumb"},"inLanguage":"en-GB","potentialAction":[{"@type":"ReadAction","target":["https:\/\/www.toporigor.pt\/faq-questoes-frequentes\/"]}]},{"@type":"BreadcrumbList","@id":"https:\/\/www.toporigor.pt\/faq-questoes-frequentes\/#breadcrumb","itemListElement":[{"@type":"ListItem","position":1,"name":"In\u00edcio","item":"https:\/\/www.toporigor.pt\/"},{"@type":"ListItem","position":2,"name":"FAQ"}]},{"@type":"WebSite","@id":"https:\/\/www.toporigor.pt\/#website","url":"https:\/\/www.toporigor.pt\/","name":"Toporigor 3D Geoci\u00eancias","description":"Laser Scanning 3D, Geoci\u00eancias, Topografia, Engenharia, Projeto","publisher":{"@id":"https:\/\/www.toporigor.pt\/#organization"},"potentialAction":[{"@type":"SearchAction","target":{"@type":"EntryPoint","urlTemplate":"https:\/\/www.toporigor.pt\/?s={search_term_string}"},"query-input":{"@type":"PropertyValueSpecification","valueRequired":true,"valueName":"search_term_string"}}],"inLanguage":"en-GB"},{"@type":"Organization","@id":"https:\/\/www.toporigor.pt\/#organization","name":"TopoRigor 3D Geoci\u00eancias","url":"https:\/\/www.toporigor.pt\/","logo":{"@type":"ImageObject","inLanguage":"en-GB","@id":"https:\/\/www.toporigor.pt\/#\/schema\/logo\/image\/","url":"https:\/\/i0.wp.com\/www.toporigor.pt\/wp-content\/uploads\/2021\/03\/logo-Toporigor2-02.png?fit=398%2C122&ssl=1","contentUrl":"https:\/\/i0.wp.com\/www.toporigor.pt\/wp-content\/uploads\/2021\/03\/logo-Toporigor2-02.png?fit=398%2C122&ssl=1","width":398,"height":122,"caption":"TopoRigor 3D Geoci\u00eancias"},"image":{"@id":"https:\/\/www.toporigor.pt\/#\/schema\/logo\/image\/"},"sameAs":["https:\/\/www.facebook.com\/laserscanning3D","https:\/\/www.linkedin.com\/in\/toporigor-paulopereira\/"]}]}},"uagb_featured_image_src":{"full":false,"thumbnail":false,"medium":false,"medium_large":false,"large":false,"1536x1536":false,"2048x2048":false,"trp-custom-language-flag":false,"reykjavik-intro":false},"uagb_author_info":{"display_name":"invisiblepgt","author_link":"https:\/\/www.toporigor.pt\/en\/author\/invisiblepgt\/"},"uagb_comment_info":0,"uagb_excerpt":"Coloque-nos a sua quest\u00e3o Temos todo gosto em esclarecer Continue reading &ldquo;FAQ&rdquo;&hellip;","_links":{"self":[{"href":"https:\/\/www.toporigor.pt\/en\/wp-json\/wp\/v2\/pages\/1591","targetHints":{"allow":["GET"]}}],"collection":[{"href":"https:\/\/www.toporigor.pt\/en\/wp-json\/wp\/v2\/pages"}],"about":[{"href":"https:\/\/www.toporigor.pt\/en\/wp-json\/wp\/v2\/types\/page"}],"author":[{"embeddable":true,"href":"https:\/\/www.toporigor.pt\/en\/wp-json\/wp\/v2\/users\/1"}],"replies":[{"embeddable":true,"href":"https:\/\/www.toporigor.pt\/en\/wp-json\/wp\/v2\/comments?post=1591"}],"version-history":[{"count":69,"href":"https:\/\/www.toporigor.pt\/en\/wp-json\/wp\/v2\/pages\/1591\/revisions"}],"predecessor-version":[{"id":2129,"href":"https:\/\/www.toporigor.pt\/en\/wp-json\/wp\/v2\/pages\/1591\/revisions\/2129"}],"wp:attachment":[{"href":"https:\/\/www.toporigor.pt\/en\/wp-json\/wp\/v2\/media?parent=1591"}],"curies":[{"name":"wp","href":"https:\/\/api.w.org\/{rel}","templated":true}]}}