{"id":15,"date":"2021-02-12T10:24:19","date_gmt":"2021-02-12T10:24:19","guid":{"rendered":"https:\/\/www.toporigor.pt\/?page_id=15"},"modified":"2026-01-01T21:01:24","modified_gmt":"2026-01-01T21:01:24","slug":"bem-vindo","status":"publish","type":"page","link":"https:\/\/www.toporigor.pt\/en\/","title":{"rendered":"Innovation<br> and Competence"},"content":{"rendered":"<div class=\"alignwide-wrap\" data-block=\"columns\">\n<div class=\"wp-block-columns alignwide\">\n<div class=\"wp-block-column is-vertically-aligned-center\">\n<section class=\"wp-block-uagb-section uagb-section__wrap uagb-section__background-undefined uagb-block-5e10b3ce\"><div class=\"uagb-section__overlay\"><\/div><div class=\"uagb-section__inner-wrap\">\n<hr class=\"wp-block-separator has-css-opacity is-style-default\"\/>\n\n\n\n\t\t\t<div class=\"wp-block-uagb-post-grid uagb-post-grid  uagb-post__image-position-top uagb-post__image-enabled uagb-block-fd825812     uagb-post__items uagb-post__columns-3 is-grid uagb-post__columns-tablet-2 uagb-post__columns-mobile-1 uagb-post__equal-height\" data-total=\"3\" style=\"\">\n\n\t\t\t\t\t\t\t\t\t\t\t\t<article class=\"uagb-post__inner-wrap\">\t\t\t\t\t\t\t\t<div class='uagb-post__image'>\n\t\t\t\t\t\t\t\t\t<a href=\"https:\/\/www.toporigor.pt\/en\/uav-drone\/\" target=\"_self\" rel=\"bookmark noopener noreferrer\" class='uagb-image-ratio-inherit'><img loading=\"lazy\" decoding=\"async\" width=\"1024\" height=\"652\" src=\"https:\/\/www.toporigor.pt\/wp-content\/uploads\/2022\/01\/DJI-MATRICE-400LIDAR-L3_e-1024x652.jpg\" class=\"attachment-large size-large\" alt=\"\" srcset=\"https:\/\/www.toporigor.pt\/wp-content\/uploads\/2022\/01\/DJI-MATRICE-400LIDAR-L3_e-1024x652.jpg 1024w, https:\/\/www.toporigor.pt\/wp-content\/uploads\/2022\/01\/DJI-MATRICE-400LIDAR-L3_e-300x191.jpg 300w, https:\/\/www.toporigor.pt\/wp-content\/uploads\/2022\/01\/DJI-MATRICE-400LIDAR-L3_e-768x489.jpg 768w, https:\/\/www.toporigor.pt\/wp-content\/uploads\/2022\/01\/DJI-MATRICE-400LIDAR-L3_e-1536x978.jpg 1536w, https:\/\/www.toporigor.pt\/wp-content\/uploads\/2022\/01\/DJI-MATRICE-400LIDAR-L3_e-2048x1304.jpg 2048w, https:\/\/www.toporigor.pt\/wp-content\/uploads\/2022\/01\/DJI-MATRICE-400LIDAR-L3_e-18x12.jpg 18w\" sizes=\"auto, (max-width: 1024px) 100vw, 1024px\" \/>\t\t\t\t\t<\/a>\n\t\t\t\t\t\t\t<\/div>\n\t\t\t\t\t\t<h4 class=\"uagb-post__title uagb-post__text\">\n\t\t\t\t<a href=\"https:\/\/www.toporigor.pt\/en\/uav-drone\/\" target=\"_self\" rel=\"bookmark noopener noreferrer\">Levantamento A\u00e9reo &#8211; LIDAR &amp; IMAGEM &#8211; UAV | Drone<\/a>\n\t\t\t<\/h4>\n\t\t\t\t\t\t<div class='uagb-post__text uagb-post-grid-byline'>\n\t\t\t\t\t\t\t<\/div>\n\t\t\t\t\t\t\t<div class='uagb-post__text uagb-post__excerpt'>\n\t\t\t\t\tImagem DJI LIDAR L3\t\t\t\t<\/div>\n\t\t\t\t\t\t<div class=\"uagb-post__text uagb-post__cta wp-block-button\">\n\t\t\t\t<a class=\"wp-block-button__link uagb-text-link\" style=\"\" href=\"https:\/\/www.toporigor.pt\/en\/uav-drone\/\" target=\"_self\" rel=\"bookmark noopener noreferrer\">Read Article<\/a>\n\t\t\t<\/div>\n\t\t\t\n\t\t\t\t\t\t\t\t\t<\/article>\n\t\t\t\t\t\t\t\t\t\t\t\t\t\t\t\t<article class=\"uagb-post__inner-wrap\">\t\t\t\t\t\t\t\t<div class='uagb-post__image'>\n\t\t\t\t\t\t\t\t\t<a href=\"https:\/\/www.toporigor.pt\/en\/laser-scanning-3d\/\" target=\"_self\" rel=\"bookmark noopener noreferrer\" class='uagb-image-ratio-inherit'><img loading=\"lazy\" decoding=\"async\" width=\"1024\" height=\"686\" src=\"https:\/\/www.toporigor.pt\/wp-content\/uploads\/2021\/04\/ren_laserscan_refletancia4-1-e1618167990612-1024x686.jpg\" class=\"attachment-large size-large\" alt=\"R\" srcset=\"https:\/\/www.toporigor.pt\/wp-content\/uploads\/2021\/04\/ren_laserscan_refletancia4-1-e1618167990612-1024x686.jpg 1024w, https:\/\/www.toporigor.pt\/wp-content\/uploads\/2021\/04\/ren_laserscan_refletancia4-1-e1618167990612-300x201.jpg 300w, https:\/\/www.toporigor.pt\/wp-content\/uploads\/2021\/04\/ren_laserscan_refletancia4-1-e1618167990612-768x515.jpg 768w, https:\/\/www.toporigor.pt\/wp-content\/uploads\/2021\/04\/ren_laserscan_refletancia4-1-e1618167990612-16x12.jpg 16w, https:\/\/www.toporigor.pt\/wp-content\/uploads\/2021\/04\/ren_laserscan_refletancia4-1-e1618167990612.jpg 1379w\" sizes=\"auto, (max-width: 1024px) 100vw, 1024px\" \/>\t\t\t\t\t<\/a>\n\t\t\t\t\t\t\t<\/div>\n\t\t\t\t\t\t<h4 class=\"uagb-post__title uagb-post__text\">\n\t\t\t\t<a href=\"https:\/\/www.toporigor.pt\/en\/laser-scanning-3d\/\" target=\"_self\" rel=\"bookmark noopener noreferrer\">3D Laser Scanning<br>REN - National Energy Networks<\/a>\n\t\t\t<\/h4>\n\t\t\t\t\t\t<div class='uagb-post__text uagb-post-grid-byline'>\n\t\t\t\t\t\t\t<\/div>\n\t\t\t\t\t\t\t<div class='uagb-post__text uagb-post__excerpt'>\n\t\t\t\t\t<p>High Definition Scanning - 3D Laser Scanning\n\n\n\nReverse Engineering Process\n\n\n\n\n\n\n\n\n\n\n3D Laser Scanning \u2026\t\t\t\t<\/div>\n\t\t\t\t\t\t<div class=\"uagb-post__text uagb-post__cta wp-block-button\">\n\t\t\t\t<a class=\"wp-block-button__link uagb-text-link\" style=\"\" href=\"https:\/\/www.toporigor.pt\/en\/laser-scanning-3d\/\" target=\"_self\" rel=\"bookmark noopener noreferrer\">Read Article<\/a>\n\t\t\t<\/div>\n\t\t\t\n\t\t\t\t\t\t\t\t\t<\/article>\n\t\t\t\t\t\t\t\t\t\t\t\t\t\t\t\t<article class=\"uagb-post__inner-wrap\">\t\t\t\t\t\t\t\t<div class='uagb-post__image'>\n\t\t\t\t\t\t\t\t\t<a href=\"https:\/\/www.toporigor.pt\/en\/levantamento-arquitetonico\/\" target=\"_self\" rel=\"bookmark noopener noreferrer\" class='uagb-image-ratio-inherit'><img loading=\"lazy\" decoding=\"async\" width=\"1024\" height=\"613\" src=\"https:\/\/www.toporigor.pt\/wp-content\/uploads\/2021\/02\/Fachada_Viava_Lamego-1024x613.jpg\" class=\"attachment-large size-large\" alt=\"\" srcset=\"https:\/\/www.toporigor.pt\/wp-content\/uploads\/2021\/02\/Fachada_Viava_Lamego-1024x613.jpg 1024w, https:\/\/www.toporigor.pt\/wp-content\/uploads\/2021\/02\/Fachada_Viava_Lamego-300x180.jpg 300w, https:\/\/www.toporigor.pt\/wp-content\/uploads\/2021\/02\/Fachada_Viava_Lamego-768x460.jpg 768w, https:\/\/www.toporigor.pt\/wp-content\/uploads\/2021\/02\/Fachada_Viava_Lamego-1536x919.jpg 1536w, https:\/\/www.toporigor.pt\/wp-content\/uploads\/2021\/02\/Fachada_Viava_Lamego-2048x1226.jpg 2048w\" sizes=\"auto, (max-width: 1024px) 100vw, 1024px\" \/>\t\t\t\t\t<\/a>\n\t\t\t\t\t\t\t<\/div>\n\t\t\t\t\t\t<h4 class=\"uagb-post__title uagb-post__text\">\n\t\t\t\t<a href=\"https:\/\/www.toporigor.pt\/en\/levantamento-arquitetonico\/\" target=\"_self\" rel=\"bookmark noopener noreferrer\">Laser Scanning 3D + Levantamento Arquitet\u00f3nico de Edif\u00edcios (hist\u00f3ricos ou contempor\u00e2neos)<\/a>\n\t\t\t<\/h4>\n\t\t\t\t\t\t<div class='uagb-post__text uagb-post-grid-byline'>\n\t\t\t\t\t\t\t<\/div>\n\t\t\t\t\t\t\t<div class='uagb-post__text uagb-post__excerpt'>\n\t\t\t\t\tWe get to bring reality to the computer in 3D with metric quality.\t\t\t\t<\/div>\n\t\t\t\t\t\t<div class=\"uagb-post__text uagb-post__cta wp-block-button\">\n\t\t\t\t<a class=\"wp-block-button__link uagb-text-link\" style=\"\" href=\"https:\/\/www.toporigor.pt\/en\/levantamento-arquitetonico\/\" target=\"_self\" rel=\"bookmark noopener noreferrer\">Read Article<\/a>\n\t\t\t<\/div>\n\t\t\t\n\t\t\t\t\t\t\t\t\t<\/article>\n\t\t\t\t\t\t\t\t\t\t\t<\/div>\n\t\t\t\n\n\n\t\t\t<div class=\"wp-block-uagb-post-grid uagb-post-grid  uagb-post__image-position-top uagb-post__image-enabled uagb-block-8406ccfb     uagb-post__items uagb-post__columns-3 is-grid uagb-post__columns-tablet-2 uagb-post__columns-mobile-1 uagb-post__equal-height\" data-total=\"4\" style=\"\">\n\n\t\t\t\t\t\t\t\t\t\t\t\t<article class=\"uagb-post__inner-wrap\">\t\t\t\t\t\t\t\t<div class='uagb-post__image'>\n\t\t\t\t\t\t\t\t\t<a href=\"https:\/\/www.toporigor.pt\/en\/com-orgulho-partilhamos-que-a-toporigor-completa-hoje-os-seus-25-anos\/\" target=\"_self\" rel=\"bookmark noopener noreferrer\" class='uagb-image-ratio-inherit'><img loading=\"lazy\" decoding=\"async\" width=\"1024\" height=\"1024\" src=\"https:\/\/www.toporigor.pt\/wp-content\/uploads\/2026\/01\/9016820-1024x1024.jpg\" class=\"attachment-large size-large\" alt=\"TopoRigor 25 Anos\" srcset=\"https:\/\/www.toporigor.pt\/wp-content\/uploads\/2026\/01\/9016820-1024x1024.jpg 1024w, https:\/\/www.toporigor.pt\/wp-content\/uploads\/2026\/01\/9016820-300x300.jpg 300w, https:\/\/www.toporigor.pt\/wp-content\/uploads\/2026\/01\/9016820-150x150.jpg 150w, https:\/\/www.toporigor.pt\/wp-content\/uploads\/2026\/01\/9016820-768x768.jpg 768w, https:\/\/www.toporigor.pt\/wp-content\/uploads\/2026\/01\/9016820-1536x1536.jpg 1536w, https:\/\/www.toporigor.pt\/wp-content\/uploads\/2026\/01\/9016820-12x12.jpg 12w, https:\/\/www.toporigor.pt\/wp-content\/uploads\/2026\/01\/9016820.jpg 2000w\" sizes=\"auto, (max-width: 1024px) 100vw, 1024px\" \/>\t\t\t\t\t<\/a>\n\t\t\t\t\t\t\t<\/div>\n\t\t\t\t\t\t<h4 class=\"uagb-post__title uagb-post__text\">\n\t\t\t\t<a href=\"https:\/\/www.toporigor.pt\/en\/com-orgulho-partilhamos-que-a-toporigor-completa-hoje-os-seus-25-anos\/\" target=\"_self\" rel=\"bookmark noopener noreferrer\">Com imenso orgulho, partilhamos que a TopoRigor completa os seus 25 ANOS<\/a>\n\t\t\t<\/h4>\n\t\t\t\t\t\t<div class='uagb-post__text uagb-post-grid-byline'>\n\t\t\t\t\t\t\t<\/div>\n\t\t\t\t\t\t\t<div class='uagb-post__text uagb-post__excerpt'>\n\t\t\t\t\t<p>Imagem 25 anos, gentilmente cedida pela FREEPIK A TopoRigor 3D Geoci\u00eancias- Topografia,&#8230;\t\t\t\t<\/div>\n\t\t\t\t\t\t<div class=\"uagb-post__text uagb-post__cta wp-block-button\">\n\t\t\t\t<a class=\"wp-block-button__link uagb-text-link\" style=\"\" href=\"https:\/\/www.toporigor.pt\/en\/com-orgulho-partilhamos-que-a-toporigor-completa-hoje-os-seus-25-anos\/\" target=\"_self\" rel=\"bookmark noopener noreferrer\">Read Article<\/a>\n\t\t\t<\/div>\n\t\t\t\n\t\t\t\t\t\t\t\t\t<\/article>\n\t\t\t\t\t\t\t\t\t\t\t\t\t\t\t\t<article class=\"uagb-post__inner-wrap\">\t\t\t\t\t\t\t\t<div class='uagb-post__image'>\n\t\t\t\t\t\t\t\t\t<a href=\"https:\/\/www.toporigor.pt\/en\/revista-business-toporigor-3d-geociencias-entrevista-2025\/\" target=\"_self\" rel=\"bookmark noopener noreferrer\" class='uagb-image-ratio-inherit'><img loading=\"lazy\" decoding=\"async\" width=\"661\" height=\"821\" src=\"https:\/\/www.toporigor.pt\/wp-content\/uploads\/2025\/08\/REVISTA-BUSINESS-2025_separador.jpg\" class=\"attachment-large size-large\" alt=\"\" srcset=\"https:\/\/www.toporigor.pt\/wp-content\/uploads\/2025\/08\/REVISTA-BUSINESS-2025_separador.jpg 661w, https:\/\/www.toporigor.pt\/wp-content\/uploads\/2025\/08\/REVISTA-BUSINESS-2025_separador-242x300.jpg 242w, https:\/\/www.toporigor.pt\/wp-content\/uploads\/2025\/08\/REVISTA-BUSINESS-2025_separador-10x12.jpg 10w\" sizes=\"auto, (max-width: 661px) 100vw, 661px\" \/>\t\t\t\t\t<\/a>\n\t\t\t\t\t\t\t<\/div>\n\t\t\t\t\t\t<h4 class=\"uagb-post__title uagb-post__text\">\n\t\t\t\t<a href=\"https:\/\/www.toporigor.pt\/en\/revista-business-toporigor-3d-geociencias-entrevista-2025\/\" target=\"_self\" rel=\"bookmark noopener noreferrer\">REVISTA BUSINESS &#8211; TopoRigor 3D Geoci\u00eancias &#8211; Entrevista 2025<\/a>\n\t\t\t<\/h4>\n\t\t\t\t\t\t<div class='uagb-post__text uagb-post-grid-byline'>\n\t\t\t\t\t\t\t<\/div>\n\t\t\t\t\t\t\t<div class='uagb-post__text uagb-post__excerpt'>\n\t\t\t\t\t\t\t\t\t<\/div>\n\t\t\t\t\t\t<div class=\"uagb-post__text uagb-post__cta wp-block-button\">\n\t\t\t\t<a class=\"wp-block-button__link uagb-text-link\" style=\"\" href=\"https:\/\/www.toporigor.pt\/en\/revista-business-toporigor-3d-geociencias-entrevista-2025\/\" target=\"_self\" rel=\"bookmark noopener noreferrer\">Read Article<\/a>\n\t\t\t<\/div>\n\t\t\t\n\t\t\t\t\t\t\t\t\t<\/article>\n\t\t\t\t\t\t\t\t\t\t\t\t\t\t\t\t<article class=\"uagb-post__inner-wrap\">\t\t\t\t\t\t\t\t<div class='uagb-post__image'>\n\t\t\t\t\t\t\t\t\t<a href=\"https:\/\/www.toporigor.pt\/en\/toporigor-3d-geociencias-no-top-5-melhores-pme-portugal-2024-pelo-3o-ano-consecutivo\/\" target=\"_self\" rel=\"bookmark noopener noreferrer\" class='uagb-image-ratio-inherit'><img loading=\"lazy\" decoding=\"async\" width=\"1017\" height=\"1024\" src=\"https:\/\/www.toporigor.pt\/wp-content\/uploads\/2025\/05\/Selo-1-1017x1024.png\" class=\"attachment-large size-large\" alt=\"\" srcset=\"https:\/\/www.toporigor.pt\/wp-content\/uploads\/2025\/05\/Selo-1-1017x1024.png 1017w, https:\/\/www.toporigor.pt\/wp-content\/uploads\/2025\/05\/Selo-1-298x300.png 298w, https:\/\/www.toporigor.pt\/wp-content\/uploads\/2025\/05\/Selo-1-150x150.png 150w, https:\/\/www.toporigor.pt\/wp-content\/uploads\/2025\/05\/Selo-1-768x773.png 768w, https:\/\/www.toporigor.pt\/wp-content\/uploads\/2025\/05\/Selo-1-12x12.png 12w, https:\/\/www.toporigor.pt\/wp-content\/uploads\/2025\/05\/Selo-1.png 1400w\" sizes=\"auto, (max-width: 1017px) 100vw, 1017px\" \/>\t\t\t\t\t<\/a>\n\t\t\t\t\t\t\t<\/div>\n\t\t\t\t\t\t<h4 class=\"uagb-post__title uagb-post__text\">\n\t\t\t\t<a href=\"https:\/\/www.toporigor.pt\/en\/toporigor-3d-geociencias-no-top-5-melhores-pme-portugal-2024-pelo-3o-ano-consecutivo\/\" target=\"_self\" rel=\"bookmark noopener noreferrer\">TopoRigor 3D Geoci\u00eancias no TOP 5% MELHORES PME PORTUGAL 2024 pelo 3\u00ba ano consecutivo<\/a>\n\t\t\t<\/h4>\n\t\t\t\t\t\t<div class='uagb-post__text uagb-post-grid-byline'>\n\t\t\t\t\t\t\t<\/div>\n\t\t\t\t\t\t\t<div class='uagb-post__text uagb-post__excerpt'>\n\t\t\t\t\thttps:\/\/scoring.pt\/empresas\/toporigor-3d-geociencias\/\t\t\t\t<\/div>\n\t\t\t\t\t\t<div class=\"uagb-post__text uagb-post__cta wp-block-button\">\n\t\t\t\t<a class=\"wp-block-button__link uagb-text-link\" style=\"\" href=\"https:\/\/www.toporigor.pt\/en\/toporigor-3d-geociencias-no-top-5-melhores-pme-portugal-2024-pelo-3o-ano-consecutivo\/\" target=\"_self\" rel=\"bookmark noopener noreferrer\">Read Article<\/a>\n\t\t\t<\/div>\n\t\t\t\n\t\t\t\t\t\t\t\t\t<\/article>\n\t\t\t\t\t\t\t\t\t\t\t<\/div>\n\t\t\t\n\n\n<hr class=\"wp-block-separator has-css-opacity is-style-default\"\/>\n<\/div><\/section>\n\n\n\n<p><\/p>\n<\/div>\n<\/div>\n<\/div>","protected":false},"excerpt":{"rendered":"<div class=\"entry-summary\">\n<div class=\"entry-summary\">\nat the Geosciences Service<br \/>\n<!--\n\n\n\n<p><a href=\"#\" class=\"button\">Go shopping<\/a><\/p>\n\n\n\n-->\n<\/div>\n<div class=\"link-more\"><a href=\"https:\/\/www.toporigor.pt\/en\/\" class=\"more-link\">Continue reading<span class=\"screen-reader-text\"> &ldquo;Inova\u00e7\u00e3o<br \/> e Compet\u00eancia&rdquo;<\/span>&hellip;<\/a><\/div>\n<\/div>\n<div class=\"link-more\"><a href=\"https:\/\/www.toporigor.pt\/en\/\" class=\"more-link\">Continue reading<span class=\"screen-reader-text\"> &ldquo;Inova\u00e7\u00e3o<br \/> e Compet\u00eancia&rdquo;<\/span>&hellip;<\/a><\/div>","protected":false},"author":1,"featured_media":0,"parent":0,"menu_order":0,"comment_status":"closed","ping_status":"closed","template":"templates\/intro-widgets.php","meta":{"_acf_changed":false,"_uag_custom_page_level_css":"","footnotes":""},"class_list":["post-15","page","type-page","status-publish","hentry","entry"],"acf":[],"yoast_head":"<!-- This site is optimized with the Yoast SEO plugin v27.4 - https:\/\/yoast.com\/product\/yoast-seo-wordpress\/ -->\n<title>Inova\u00e7\u00e3o e Compet\u00eancia &#8211; Toporigor 3D Geoci\u00eancias<\/title>\n<meta name=\"description\" content=\"A TopoRigor, coloca ao seu dispor as mais recentes tecnologias: LIDAR, LASER SCANNING 3D, MOBILE MAPPING 3D, GNSS, UAV\/DRONES. Consulte-nos geral@toporigor.pt\" \/>\n<meta name=\"robots\" content=\"index, follow, max-snippet:-1, max-image-preview:large, max-video-preview:-1\" \/>\n<link rel=\"canonical\" href=\"https:\/\/www.toporigor.pt\/en\/\" \/>\n<meta property=\"og:locale\" content=\"en_GB\" \/>\n<meta property=\"og:type\" content=\"article\" \/>\n<meta property=\"og:title\" content=\"Inova\u00e7\u00e3o e Compet\u00eancia &#8211; Toporigor 3D Geoci\u00eancias\" \/>\n<meta property=\"og:description\" content=\"A TopoRigor, coloca ao seu dispor as mais recentes tecnologias: LIDAR, LASER SCANNING 3D, MOBILE MAPPING 3D, GNSS, UAV\/DRONES. Consulte-nos geral@toporigor.pt\" \/>\n<meta property=\"og:url\" content=\"https:\/\/www.toporigor.pt\/en\/\" \/>\n<meta property=\"og:site_name\" content=\"Toporigor 3D Geoci\u00eancias\" \/>\n<meta property=\"article:publisher\" content=\"https:\/\/www.facebook.com\/laserscanning3D\" \/>\n<meta property=\"article:modified_time\" content=\"2026-01-01T21:01:24+00:00\" \/>\n<meta name=\"twitter:card\" content=\"summary_large_image\" \/>\n<script type=\"application\/ld+json\" class=\"yoast-schema-graph\">{\"@context\":\"https:\\\/\\\/schema.org\",\"@graph\":[{\"@type\":\"WebPage\",\"@id\":\"https:\\\/\\\/www.toporigor.pt\\\/\",\"url\":\"https:\\\/\\\/www.toporigor.pt\\\/\",\"name\":\"Inova\u00e7\u00e3o e Compet\u00eancia &#8211; Toporigor 3D Geoci\u00eancias\",\"isPartOf\":{\"@id\":\"https:\\\/\\\/www.toporigor.pt\\\/#website\"},\"datePublished\":\"2021-02-12T10:24:19+00:00\",\"dateModified\":\"2026-01-01T21:01:24+00:00\",\"description\":\"A TopoRigor, coloca ao seu dispor as mais recentes tecnologias: LIDAR, LASER SCANNING 3D, MOBILE MAPPING 3D, GNSS, UAV\\\/DRONES. Consulte-nos geral@toporigor.pt\",\"breadcrumb\":{\"@id\":\"https:\\\/\\\/www.toporigor.pt\\\/#breadcrumb\"},\"inLanguage\":\"en-GB\",\"potentialAction\":[{\"@type\":\"ReadAction\",\"target\":[\"https:\\\/\\\/www.toporigor.pt\\\/\"]}]},{\"@type\":\"BreadcrumbList\",\"@id\":\"https:\\\/\\\/www.toporigor.pt\\\/#breadcrumb\",\"itemListElement\":[{\"@type\":\"ListItem\",\"position\":1,\"name\":\"In\u00edcio\",\"item\":\"https:\\\/\\\/www.toporigor.pt\\\/\"},{\"@type\":\"ListItem\",\"position\":2,\"name\":\"Inova\u00e7\u00e3o e Compet\u00eancia\"}]},{\"@type\":\"WebSite\",\"@id\":\"https:\\\/\\\/www.toporigor.pt\\\/#website\",\"url\":\"https:\\\/\\\/www.toporigor.pt\\\/\",\"name\":\"Toporigor 3D Geoci\u00eancias\",\"description\":\"Laser Scanning 3D, Geoci\u00eancias, Topografia, Engenharia, Projeto\",\"publisher\":{\"@id\":\"https:\\\/\\\/www.toporigor.pt\\\/#organization\"},\"potentialAction\":[{\"@type\":\"SearchAction\",\"target\":{\"@type\":\"EntryPoint\",\"urlTemplate\":\"https:\\\/\\\/www.toporigor.pt\\\/?s={search_term_string}\"},\"query-input\":{\"@type\":\"PropertyValueSpecification\",\"valueRequired\":true,\"valueName\":\"search_term_string\"}}],\"inLanguage\":\"en-GB\"},{\"@type\":\"Organization\",\"@id\":\"https:\\\/\\\/www.toporigor.pt\\\/#organization\",\"name\":\"TopoRigor 3D Geoci\u00eancias\",\"url\":\"https:\\\/\\\/www.toporigor.pt\\\/\",\"logo\":{\"@type\":\"ImageObject\",\"inLanguage\":\"en-GB\",\"@id\":\"https:\\\/\\\/www.toporigor.pt\\\/#\\\/schema\\\/logo\\\/image\\\/\",\"url\":\"https:\\\/\\\/i0.wp.com\\\/www.toporigor.pt\\\/wp-content\\\/uploads\\\/2021\\\/03\\\/logo-Toporigor2-02.png?fit=398%2C122&ssl=1\",\"contentUrl\":\"https:\\\/\\\/i0.wp.com\\\/www.toporigor.pt\\\/wp-content\\\/uploads\\\/2021\\\/03\\\/logo-Toporigor2-02.png?fit=398%2C122&ssl=1\",\"width\":398,\"height\":122,\"caption\":\"TopoRigor 3D Geoci\u00eancias\"},\"image\":{\"@id\":\"https:\\\/\\\/www.toporigor.pt\\\/#\\\/schema\\\/logo\\\/image\\\/\"},\"sameAs\":[\"https:\\\/\\\/www.facebook.com\\\/laserscanning3D\",\"https:\\\/\\\/www.linkedin.com\\\/in\\\/toporigor-paulopereira\\\/\"]}]}<\/script>\n<!-- \/ Yoast SEO plugin. -->","yoast_head_json":{"title":"Inova\u00e7\u00e3o e Compet\u00eancia &#8211; Toporigor 3D Geoci\u00eancias","description":"A TopoRigor, coloca ao seu dispor as mais recentes tecnologias: LIDAR, LASER SCANNING 3D, MOBILE MAPPING 3D, GNSS, UAV\/DRONES. Consulte-nos geral@toporigor.pt","robots":{"index":"index","follow":"follow","max-snippet":"max-snippet:-1","max-image-preview":"max-image-preview:large","max-video-preview":"max-video-preview:-1"},"canonical":"https:\/\/www.toporigor.pt\/en\/","og_locale":"en_GB","og_type":"article","og_title":"Inova\u00e7\u00e3o e Compet\u00eancia &#8211; Toporigor 3D Geoci\u00eancias","og_description":"A TopoRigor, coloca ao seu dispor as mais recentes tecnologias: LIDAR, LASER SCANNING 3D, MOBILE MAPPING 3D, GNSS, UAV\/DRONES. Consulte-nos geral@toporigor.pt","og_url":"https:\/\/www.toporigor.pt\/en\/","og_site_name":"Toporigor 3D Geoci\u00eancias","article_publisher":"https:\/\/www.facebook.com\/laserscanning3D","article_modified_time":"2026-01-01T21:01:24+00:00","twitter_card":"summary_large_image","schema":{"@context":"https:\/\/schema.org","@graph":[{"@type":"WebPage","@id":"https:\/\/www.toporigor.pt\/","url":"https:\/\/www.toporigor.pt\/","name":"Inova\u00e7\u00e3o e Compet\u00eancia &#8211; Toporigor 3D Geoci\u00eancias","isPartOf":{"@id":"https:\/\/www.toporigor.pt\/#website"},"datePublished":"2021-02-12T10:24:19+00:00","dateModified":"2026-01-01T21:01:24+00:00","description":"A TopoRigor, coloca ao seu dispor as mais recentes tecnologias: LIDAR, LASER SCANNING 3D, MOBILE MAPPING 3D, GNSS, UAV\/DRONES. Consulte-nos geral@toporigor.pt","breadcrumb":{"@id":"https:\/\/www.toporigor.pt\/#breadcrumb"},"inLanguage":"en-GB","potentialAction":[{"@type":"ReadAction","target":["https:\/\/www.toporigor.pt\/"]}]},{"@type":"BreadcrumbList","@id":"https:\/\/www.toporigor.pt\/#breadcrumb","itemListElement":[{"@type":"ListItem","position":1,"name":"In\u00edcio","item":"https:\/\/www.toporigor.pt\/"},{"@type":"ListItem","position":2,"name":"Inova\u00e7\u00e3o e Compet\u00eancia"}]},{"@type":"WebSite","@id":"https:\/\/www.toporigor.pt\/#website","url":"https:\/\/www.toporigor.pt\/","name":"Toporigor 3D Geoci\u00eancias","description":"Laser Scanning 3D, Geoci\u00eancias, Topografia, Engenharia, Projeto","publisher":{"@id":"https:\/\/www.toporigor.pt\/#organization"},"potentialAction":[{"@type":"SearchAction","target":{"@type":"EntryPoint","urlTemplate":"https:\/\/www.toporigor.pt\/?s={search_term_string}"},"query-input":{"@type":"PropertyValueSpecification","valueRequired":true,"valueName":"search_term_string"}}],"inLanguage":"en-GB"},{"@type":"Organization","@id":"https:\/\/www.toporigor.pt\/#organization","name":"TopoRigor 3D Geoci\u00eancias","url":"https:\/\/www.toporigor.pt\/","logo":{"@type":"ImageObject","inLanguage":"en-GB","@id":"https:\/\/www.toporigor.pt\/#\/schema\/logo\/image\/","url":"https:\/\/i0.wp.com\/www.toporigor.pt\/wp-content\/uploads\/2021\/03\/logo-Toporigor2-02.png?fit=398%2C122&ssl=1","contentUrl":"https:\/\/i0.wp.com\/www.toporigor.pt\/wp-content\/uploads\/2021\/03\/logo-Toporigor2-02.png?fit=398%2C122&ssl=1","width":398,"height":122,"caption":"TopoRigor 3D Geoci\u00eancias"},"image":{"@id":"https:\/\/www.toporigor.pt\/#\/schema\/logo\/image\/"},"sameAs":["https:\/\/www.facebook.com\/laserscanning3D","https:\/\/www.linkedin.com\/in\/toporigor-paulopereira\/"]}]}},"uagb_featured_image_src":{"full":false,"thumbnail":false,"medium":false,"medium_large":false,"large":false,"1536x1536":false,"2048x2048":false,"trp-custom-language-flag":false,"reykjavik-intro":false},"uagb_author_info":{"display_name":"invisiblepgt","author_link":"https:\/\/www.toporigor.pt\/en\/author\/invisiblepgt\/"},"uagb_comment_info":0,"uagb_excerpt":"ao servi\u00e7o das Geoci\u00eancias Continue reading &ldquo;Inova\u00e7\u00e3o e Compet\u00eancia&rdquo;&hellip;","_links":{"self":[{"href":"https:\/\/www.toporigor.pt\/en\/wp-json\/wp\/v2\/pages\/15","targetHints":{"allow":["GET"]}}],"collection":[{"href":"https:\/\/www.toporigor.pt\/en\/wp-json\/wp\/v2\/pages"}],"about":[{"href":"https:\/\/www.toporigor.pt\/en\/wp-json\/wp\/v2\/types\/page"}],"author":[{"embeddable":true,"href":"https:\/\/www.toporigor.pt\/en\/wp-json\/wp\/v2\/users\/1"}],"replies":[{"embeddable":true,"href":"https:\/\/www.toporigor.pt\/en\/wp-json\/wp\/v2\/comments?post=15"}],"version-history":[{"count":23,"href":"https:\/\/www.toporigor.pt\/en\/wp-json\/wp\/v2\/pages\/15\/revisions"}],"predecessor-version":[{"id":2665,"href":"https:\/\/www.toporigor.pt\/en\/wp-json\/wp\/v2\/pages\/15\/revisions\/2665"}],"wp:attachment":[{"href":"https:\/\/www.toporigor.pt\/en\/wp-json\/wp\/v2\/media?parent=15"}],"curies":[{"name":"wp","href":"https:\/\/api.w.org\/{rel}","templated":true}]}}